{"id":8,"date":"2019-08-14T07:21:49","date_gmt":"2019-08-14T07:21:49","guid":{"rendered":"https:\/\/maloutest.dk\/usisaat\/?page_id=8"},"modified":"2025-07-14T15:07:25","modified_gmt":"2025-07-14T15:07:25","slug":"forside","status":"publish","type":"page","link":"https:\/\/usisaat.gl\/da\/forside\/","title":{"rendered":"Forside"},"content":{"rendered":"<section class=\"wpb-content-wrapper\"><p>[vc_row css_animation=&#8221;&#8221; row_type=&#8221;row&#8221; use_row_as_full_screen_section=&#8221;no&#8221; type=&#8221;full_width&#8221; angled_section=&#8221;no&#8221; text_align=&#8221;left&#8221; background_image_as_pattern=&#8221;without_pattern&#8221;][vc_column]<div class=\"frontpage-header\"><div class=\"header-image\" style=\"background-image: url(https:\/\/usisaat.gl\/wp-content\/uploads\/2024\/03\/Design-uden-navn-2.png);\"><\/div><div class=\"vc_row wpb_row section vc_row-fluid vc_inner  grid_section header-services\"><div class=\"section_inner clearfix\"><div class=\"section_inner_margin clearfix\"><div class=\"wpb_column vc_column_container vc_col-sm-4 vc_col-lg-2 vc_col-md-2 vc_col-xs-6\"><div class=\"vc_column-inner\"><div class=\"service-icon\"><a href=\"\"><h5><\/h5><\/a><\/div><\/div><\/div><div class=\"wpb_column vc_column_container vc_col-sm-4 vc_col-lg-2 vc_col-md-2 vc_col-xs-6\"><div class=\"vc_column-inner\"><div class=\"service-icon\"><a href=\"\"><h5><\/h5><\/a><\/div><\/div><\/div><div class=\"wpb_column vc_column_container vc_col-sm-4 vc_col-lg-2 vc_col-md-2 vc_col-xs-6\"><div class=\"vc_column-inner\"><div class=\"service-icon\"><a href=\"https:\/\/usisaat.gl\/shipping\/lager-og-logistik\/\"><img loading=\"lazy\" decoding=\"async\" width=\"223\" height=\"223\" src=\"https:\/\/usisaat.gl\/wp-content\/uploads\/2019\/11\/logistik-kvinde-ikon.png\" class=\"attachment-full size-full\" alt=\"\" srcset=\"https:\/\/usisaat.gl\/wp-content\/uploads\/2019\/11\/logistik-kvinde-ikon.png 223w, https:\/\/usisaat.gl\/wp-content\/uploads\/2019\/11\/logistik-kvinde-ikon-150x150.png 150w\" sizes=\"auto, (max-width: 223px) 100vw, 223px\" \/><h5>Lager og logistik<\/h5><\/a><\/div><\/div><\/div><div class=\"wpb_column vc_column_container vc_col-sm-4 vc_col-lg-2 vc_col-md-2 vc_col-xs-6\"><div class=\"vc_column-inner\"><div class=\"service-icon\"><a href=\"https:\/\/usisaat.gl\/csr\/\"><img loading=\"lazy\" decoding=\"async\" width=\"223\" height=\"223\" src=\"https:\/\/usisaat.gl\/wp-content\/uploads\/2019\/11\/genbrug-ikon.png\" class=\"attachment-full size-full\" alt=\"\" srcset=\"https:\/\/usisaat.gl\/wp-content\/uploads\/2019\/11\/genbrug-ikon.png 223w, https:\/\/usisaat.gl\/wp-content\/uploads\/2019\/11\/genbrug-ikon-150x150.png 150w\" sizes=\"auto, (max-width: 223px) 100vw, 223px\" \/><h5>CSR<\/h5><\/a><\/div><\/div><\/div><div class=\"wpb_column vc_column_container vc_col-sm-4 vc_col-lg-2 vc_col-md-2 vc_col-xs-6\"><div class=\"vc_column-inner\"><div class=\"service-icon\"><a href=\"https:\/\/usisaat.gl\/flytteservice\/\"><img loading=\"lazy\" decoding=\"async\" width=\"223\" height=\"223\" src=\"https:\/\/usisaat.gl\/wp-content\/uploads\/2019\/11\/flytteservice-kvinde-ikon.png\" class=\"attachment-full size-full\" alt=\"\" srcset=\"https:\/\/usisaat.gl\/wp-content\/uploads\/2019\/11\/flytteservice-kvinde-ikon.png 223w, https:\/\/usisaat.gl\/wp-content\/uploads\/2019\/11\/flytteservice-kvinde-ikon-150x150.png 150w\" sizes=\"auto, (max-width: 223px) 100vw, 223px\" \/><h5>Flytteservice<\/h5><\/a><\/div><\/div><\/div><div class=\"wpb_column vc_column_container vc_col-sm-4 vc_col-lg-2 vc_col-md-2 vc_col-xs-6\"><div class=\"vc_column-inner\"><div class=\"service-icon\"><a href=\"\"><h5><\/h5><\/a><\/div><\/div><\/div><\/div><\/div><\/div><\/div><\/div><\/div><\/div>[\/vc_column][\/vc_row][vc_row css_animation=&#8221;&#8221; row_type=&#8221;row&#8221; use_row_as_full_screen_section=&#8221;no&#8221; type=&#8221;grid&#8221; angled_section=&#8221;no&#8221; text_align=&#8221;left&#8221; background_image_as_pattern=&#8221;without_pattern&#8221; el_class=&#8221;padding90 space-between&#8221; z_index=&#8221;&#8221; css=&#8221;.vc_custom_1566282209702{padding-top: 40px !important;}&#8221;][vc_column offset=&#8221;vc_col-lg-6 vc_col-md-6 vc_col-xs-12&#8243;][vc_empty_space height=&#8221;30px&#8221;][vc_column_text el_class=&#8221;with-space opdeler&#8221;]<\/p>\n<h1>Velkommen til Usisaat<\/h1>\n<p>Har du brug for hj\u00e6lp fra en professionel lokal partner, n\u00e5r det kommer til shipping til eller fra Gr\u00f8nland, kan du v\u00e6re sikker p\u00e5, at du f\u00e5r den rette hj\u00e6lp hos Usisaat.<\/p>\n<p>Usisaat er et gr\u00f8nlandsk firma, der har specialiseret sig i bohaveflytninger i mere end 45 \u00e5r. Med tiden har virksomheden udvidet med flere forretningsomr\u00e5der for at kunne hj\u00e6lpe dig som kunde bedst muligt. I dag tilbyder Usisaat ikke alene at fragte og transportere varer eller andet gods til og fra Gr\u00f8nland eller fra en destination i Gr\u00f8nland til en anden, men tilbyder ogs\u00e5 shipping til og fra destinationer i hele verden samt lagerf\u00f8ring, leje af opbevaringsrum og autoservice i Gr\u00f8nland. Vi henvender os til b\u00e5de privatpersoner, virksomheder og offentlige institutioner.[\/vc_column_text][vc_empty_space height=&#8221;20px&#8221;]<a  itemprop=\"url\" href=\"https:\/\/usisaat.gl\/om-os\/\" target=\"_self\"  class=\"qbutton  default\" style=\"\">L\u00e6s mere<\/a>[vc_empty_space height=&#8221;30px&#8221;][\/vc_column][vc_column offset=&#8221;vc_col-lg-6 vc_col-md-6 vc_col-xs-12&#8243;][vc_empty_space height=&#8221;30px&#8221;][vc_gallery type=&#8221;image_grid&#8221; images=&#8221;1870,2092,2192,2210&#8243; img_size=&#8221;400&#215;320&#8243; column_number=&#8221;2&#8243; grayscale=&#8221;no&#8221; images_space=&#8221;gallery_with_space&#8221;][vc_empty_space height=&#8221;30px&#8221;][\/vc_column][\/vc_row][vc_row css_animation=&#8221;&#8221; row_type=&#8221;row&#8221; use_row_as_full_screen_section=&#8221;no&#8221; type=&#8221;full_width&#8221; angled_section=&#8221;no&#8221; text_align=&#8221;left&#8221; background_image_as_pattern=&#8221;without_pattern&#8221; z_index=&#8221;&#8221; background_image=&#8221;90&#8243; el_class=&#8221;background-left laptop-bg-cover&#8221; css=&#8221;.vc_custom_1573114273194{background-image: url(https:\/\/usisaat.gl\/wp-content\/uploads\/2019\/11\/arctic-bg.jpg?id=1404) !important;}&#8221;][vc_column offset=&#8221;vc_col-lg-6 vc_col-md-7 vc_col-xs-12&#8243;][\/vc_column][vc_column offset=&#8221;vc_col-lg-6 vc_col-md-5 vc_col-xs-12&#8243;][vc_row_inner row_type=&#8221;row&#8221; type=&#8221;full_width&#8221; text_align=&#8221;left&#8221; css_animation=&#8221;&#8221; el_class=&#8221;padding80 skew-gradient&#8221;][vc_column_inner offset=&#8221;vc_col-lg-offset-1 vc_col-lg-8 vc_col-md-12&#8243;][vc_column_text el_class=&#8221;with-space hvid&#8221;]<\/p>\n<h2>Vil du kontaktes?<\/h2>\n<p>[\/vc_column_text]<p class=\"wpcf7-contact-form-not-found\"><strong>Fejl:<\/strong> Kontaktformular ikke fundet.<\/p>[\/vc_column_inner][\/vc_row_inner][\/vc_column][\/vc_row][vc_row css_animation=&#8221;&#8221; row_type=&#8221;row&#8221; use_row_as_full_screen_section=&#8221;no&#8221; type=&#8221;grid&#8221; angled_section=&#8221;no&#8221; text_align=&#8221;left&#8221; background_image_as_pattern=&#8221;without_pattern&#8221; el_class=&#8221;padding90 space-between swap-columns-on-mobile&#8221; z_index=&#8221;&#8221; css=&#8221;.vc_custom_1566212725249{padding-bottom: 0px !important;}&#8221;][vc_column offset=&#8221;vc_col-lg-6 vc_col-md-6 vc_col-xs-12&#8243;][vc_empty_space height=&#8221;30px&#8221;][vc_gallery type=&#8221;image_grid&#8221; images=&#8221;2077,1875,2161,1872&#8243; img_size=&#8221;400&#215;320&#8243; column_number=&#8221;2&#8243; grayscale=&#8221;no&#8221; images_space=&#8221;gallery_with_space&#8221;][vc_empty_space height=&#8221;30px&#8221;][\/vc_column][vc_column offset=&#8221;vc_col-lg-6 vc_col-md-6 vc_col-xs-12&#8243;][vc_empty_space height=&#8221;30px&#8221;][vc_column_text el_class=&#8221;with-space opdeler&#8221;]<\/p>\n<h2>En virksomhed i konstant udvikling<\/h2>\n<p>Som en virksomhed i konstant udvikling og med \u00f8je for at udvide inden for forretningsomr\u00e5der, der kan skabe endnu mere v\u00e6rdi for vores kunder, har vi altid dig som kunde i fokus. En af vores store styrker er, at vi opererer fleksibelt og frit mellem vores afdelinger for at kunne l\u00f8se hver enkelt opgave p\u00e5 den bedst mulige m\u00e5de.<\/p>\n<p>Det stiller h\u00f8je krav til alle vores medarbejdere p\u00e5 tv\u00e6rs af virksomheden, men det giver ogs\u00e5 en alsidig og sp\u00e6ndende hverdag med et stort sammenhold. Vi ser det som vores fornemmeste opgave at give vores kunder den bedste service og den bedst mulige opgavel\u00f8sning.[\/vc_column_text][vc_empty_space height=&#8221;20px&#8221;]<a  itemprop=\"url\" href=\"https:\/\/usisaat.gl\/om-os\/\" target=\"_self\"  class=\"qbutton  default\" style=\"\">L\u00e6s mere<\/a>[vc_empty_space height=&#8221;30px&#8221;][\/vc_column][\/vc_row][vc_row css_animation=&#8221;&#8221; row_type=&#8221;row&#8221; use_row_as_full_screen_section=&#8221;no&#8221; type=&#8221;grid&#8221; angled_section=&#8221;no&#8221; text_align=&#8221;left&#8221; background_image_as_pattern=&#8221;without_pattern&#8221; el_class=&#8221;padding90&#8243; z_index=&#8221;&#8221;][vc_column][vc_column_text el_class=&#8221;with-space opdeler&#8221;]<\/p>\n<h2>Seneste info fra Usisaat<\/h2>\n<p>[\/vc_column_text][vc_empty_space height=&#8221;20px&#8221;]<div class=\"latest_post_holder dividers three_columns one_row latest_posts_three\"><ul>            <li class=\"clearfix\">\r\n                <a href=\"https:\/\/usisaat.gl\/da\/usisaat-nuuk-soeger-en-medarbejder-med-stort-koerekort\/\">\r\n                    <div class=\"boxes_image\">\r\n                                                    <img loading=\"lazy\" decoding=\"async\" width=\"539\" height=\"303\" src=\"https:\/\/usisaat.gl\/wp-content\/uploads\/2024\/08\/IMG_0407-539x303.jpg\" class=\"attachment-latest_post_boxes size-latest_post_boxes wp-post-image\" alt=\"\" \/>                                            <\/div>\r\n                    <div class=\"latest_post\">\r\n                        <div class=\"latest_post_text\">\r\n                            <div class=\"latest_post_inner\">\r\n                                <div class=\"latest_post_text_inner\">\r\n                                    <div class=\"post_info\"><span class=\"date\">14. januar 2026<\/span><\/div>\r\n                                    <h5 itemprop=\"name\" class=\"latest_post_title entry_title\">\r\n                                        Usisaat Nuuk s\u00f8ger en medarbejder med stort k\u00f8rekort                                    <\/h5>\r\n                                    <p itemprop=\"description\" class=\"post_excerpt\">Usisaat i Nuuk har travlt og s\u00f8ger derfor en medarbejder med k\u00f8rekort til store k\u00f8ret\u00f8jer.\r\nArbejdsopgaver\r\n\r\n \tFlytning og transport\r\n \tPakning og containerh\u00e5ndtering\r\n\r\nKvalifikationer\r\n\r\n \tFysisk robust\r\n \tServiceminded\r\n \tGode samarbejdsevner\r\n \tGyldigt k\u00f8rekort til store...<\/p>                                    <div class=\"qbutton default\">L\u00e6s mere<\/div>\r\n                                <\/div>\r\n                            <\/div>\r\n                        <\/div>\r\n                    <\/div>\r\n                <\/a>\r\n            <\/li>\r\n                        <li class=\"clearfix\">\r\n                <a href=\"https:\/\/usisaat.gl\/da\/jobopslag-byleder-i-usisaat-qaqortoq\/\">\r\n                    <div class=\"boxes_image\">\r\n                                                    <img loading=\"lazy\" decoding=\"async\" width=\"539\" height=\"303\" src=\"https:\/\/usisaat.gl\/wp-content\/uploads\/2025\/02\/Usisaat-Flyttefirma-Ilulissani-aqutsisoq-Ilulissani-immikkoortortaqarfipput-inerisarnissaanut-aammalu-ulluinnarni-ingerlatsineranut-peqataarusuppit-Qarasaasiamut-ilisimasaqarpit-Taava-immaqa-illiu-539x303.png\" class=\"attachment-latest_post_boxes size-latest_post_boxes wp-post-image\" alt=\"\" \/>                                            <\/div>\r\n                    <div class=\"latest_post\">\r\n                        <div class=\"latest_post_text\">\r\n                            <div class=\"latest_post_inner\">\r\n                                <div class=\"latest_post_text_inner\">\r\n                                    <div class=\"post_info\"><span class=\"date\">12. november 2025<\/span><\/div>\r\n                                    <h5 itemprop=\"name\" class=\"latest_post_title entry_title\">\r\n                                        Jobopslag &#8211; Byleder i Usisaat Qaqortoq                                    <\/h5>\r\n                                    Vil du v\u00e6re med til at drive vores afdeling i Qaqortoq? Er du en st\u00e6rk leder med gode IT-kundskaber? S\u00e5 er du m\u00e5ske vores nye byleder i Usisaat afdeling i Qaqortoq!                                    <div class=\"qbutton default\">L\u00e6s mere<\/div>\r\n                                <\/div>\r\n                            <\/div>\r\n                        <\/div>\r\n                    <\/div>\r\n                <\/a>\r\n            <\/li>\r\n                        <li class=\"clearfix\">\r\n                <a href=\"https:\/\/usisaat.gl\/da\/tirsdag-29-juli-fornyer-usisaat-systemer\/\">\r\n                    <div class=\"boxes_image\">\r\n                                                    <img loading=\"lazy\" decoding=\"async\" width=\"539\" height=\"303\" src=\"https:\/\/usisaat.gl\/wp-content\/uploads\/2024\/03\/Design-uden-navn-2-539x303.png\" class=\"attachment-latest_post_boxes size-latest_post_boxes wp-post-image\" alt=\"\" \/>                                            <\/div>\r\n                    <div class=\"latest_post\">\r\n                        <div class=\"latest_post_text\">\r\n                            <div class=\"latest_post_inner\">\r\n                                <div class=\"latest_post_text_inner\">\r\n                                    <div class=\"post_info\"><span class=\"date\">29. juli 2025<\/span><\/div>\r\n                                    <h5 itemprop=\"name\" class=\"latest_post_title entry_title\">\r\n                                        Tirsdag 29. juli. fornyer Usisaat systemer                                    <\/h5>\r\n                                    <p itemprop=\"description\" class=\"post_excerpt\">En af fornyelserne er en online rekvisitionsformular til flyttende i usisaat.gl.\r\n\r\nAlle flyttende omfattet aftale eller private virksomheder eller personer kan benytte formularen,\r\ndet nye link er: rekvisition.usisaat.gl\r\n\r\n...<\/p>                                    <div class=\"qbutton default\">L\u00e6s mere<\/div>\r\n                                <\/div>\r\n                            <\/div>\r\n                        <\/div>\r\n                    <\/div>\r\n                <\/a>\r\n            <\/li>\r\n                    <\/ul>\r\n        <\/div>[\/vc_column][\/vc_row][vc_row css_animation=&#8221;&#8221; row_type=&#8221;row&#8221; use_row_as_full_screen_section=&#8221;no&#8221; type=&#8221;full_width&#8221; angled_section=&#8221;no&#8221; text_align=&#8221;left&#8221; background_image_as_pattern=&#8221;without_pattern&#8221;][vc_column]<div class=\"frontpage-header\"><div class=\"header-image\" style=\"background-image: url();\"><\/div><div class=\"vc_row wpb_row section vc_row-fluid vc_inner  grid_section header-services\"><div class=\"section_inner clearfix\"><div class=\"section_inner_margin clearfix\"><div class=\"wpb_column vc_column_container vc_col-sm-4 vc_col-lg-2 vc_col-md-2 vc_col-xs-6\"><div class=\"vc_column-inner\"><div class=\"service-icon\"><a href=\"\"><h5><\/h5><\/a><\/div><\/div><\/div><div class=\"wpb_column vc_column_container vc_col-sm-4 vc_col-lg-2 vc_col-md-2 vc_col-xs-6\"><div class=\"vc_column-inner\"><div class=\"service-icon\"><a href=\"\"><h5><\/h5><\/a><\/div><\/div><\/div><div class=\"wpb_column vc_column_container vc_col-sm-4 vc_col-lg-2 vc_col-md-2 vc_col-xs-6\"><div class=\"vc_column-inner\"><div class=\"service-icon\"><a href=\"\"><h5><\/h5><\/a><\/div><\/div><\/div><div class=\"wpb_column vc_column_container vc_col-sm-4 vc_col-lg-2 vc_col-md-2 vc_col-xs-6\"><div class=\"vc_column-inner\"><div class=\"service-icon\"><a href=\"\"><h5><\/h5><\/a><\/div><\/div><\/div><div class=\"wpb_column vc_column_container vc_col-sm-4 vc_col-lg-2 vc_col-md-2 vc_col-xs-6\"><div class=\"vc_column-inner\"><div class=\"service-icon\"><a href=\"\"><h5><\/h5><\/a><\/div><\/div><\/div><div class=\"wpb_column vc_column_container vc_col-sm-4 vc_col-lg-2 vc_col-md-2 vc_col-xs-6\"><div class=\"vc_column-inner\"><div class=\"service-icon\"><a href=\"\"><h5><\/h5><\/a><\/div><\/div><\/div><\/div><\/div><\/div><\/div><\/div><\/div><\/div>[\/vc_column][\/vc_row]<\/p>\n<\/section>","protected":false},"excerpt":{"rendered":"<p>[vc_row css_animation=&#8221;&#8221; row_type=&#8221;row&#8221; use_row_as_full_screen_section=&#8221;no&#8221; type=&#8221;full_width&#8221; angled_section=&#8221;no&#8221; text_align=&#8221;left&#8221; background_image_as_pattern=&#8221;without_pattern&#8221;][vc_column][\/vc_column][\/vc_row][vc_row css_animation=&#8221;&#8221; row_type=&#8221;row&#8221; use_row_as_full_screen_section=&#8221;no&#8221; type=&#8221;grid&#8221; angled_section=&#8221;no&#8221; text_align=&#8221;left&#8221; background_image_as_pattern=&#8221;without_pattern&#8221; el_class=&#8221;padding90 space-between&#8221; z_index=&#8221;&#8221; css=&#8221;.vc_custom_1566282209702{padding-top: 40px !important;}&#8221;][vc_column offset=&#8221;vc_col-lg-6 vc_col-md-6 vc_col-xs-12&#8243;][vc_empty_space height=&#8221;30px&#8221;][vc_column_text el_class=&#8221;with-space opdeler&#8221;] Velkommen til Usisaat&#8230;<\/p>\n","protected":false},"author":2,"featured_media":0,"parent":0,"menu_order":0,"comment_status":"closed","ping_status":"closed","template":"full_width.php","meta":{"_acf_changed":false,"footnotes":""},"class_list":["post-8","page","type-page","status-publish","hentry"],"acf":[],"yoast_head":"<!-- This site is optimized with the Yoast SEO plugin v27.3 - https:\/\/yoast.com\/product\/yoast-seo-wordpress\/ -->\n<title>Vi er din lokale partner indenfor shipping til eller fra Gr\u00f8nland | Usisaat<\/title>\n<meta name=\"description\" content=\"Usisaat er et gr\u00f8nlandsk firma, der har specialiseret sig i flytteservice, shipping, auto service, lagerhotel, lager og logistik, samt CSR.\" \/>\n<meta name=\"robots\" content=\"index, follow, max-snippet:-1, max-image-preview:large, max-video-preview:-1\" \/>\n<link rel=\"canonical\" href=\"https:\/\/usisaat.gl\/da\/forside\/\" \/>\n<meta property=\"og:locale\" content=\"da_DK\" \/>\n<meta property=\"og:type\" content=\"article\" \/>\n<meta property=\"og:title\" content=\"Vi er din lokale partner indenfor shipping til eller fra Gr\u00f8nland | Usisaat\" \/>\n<meta property=\"og:description\" content=\"Usisaat er et gr\u00f8nlandsk firma, der har specialiseret sig i flytteservice, shipping, auto service, lagerhotel, lager og logistik, samt CSR.\" \/>\n<meta property=\"og:url\" content=\"https:\/\/usisaat.gl\/da\/forside\/\" \/>\n<meta property=\"og:site_name\" content=\"Usisaat\" \/>\n<meta property=\"article:modified_time\" content=\"2025-07-14T15:07:25+00:00\" \/>\n<meta name=\"twitter:card\" content=\"summary_large_image\" \/>\n<meta name=\"twitter:label1\" content=\"Estimeret l\u00e6setid\" \/>\n\t<meta name=\"twitter:data1\" content=\"5 minutter\" \/>\n<script type=\"application\/ld+json\" class=\"yoast-schema-graph\">{\"@context\":\"https:\\\/\\\/schema.org\",\"@graph\":[{\"@type\":\"WebPage\",\"@id\":\"https:\\\/\\\/usisaat.gl\\\/da\\\/forside\\\/\",\"url\":\"https:\\\/\\\/usisaat.gl\\\/da\\\/forside\\\/\",\"name\":\"Vi er din lokale partner indenfor shipping til eller fra Gr\u00f8nland | Usisaat\",\"isPartOf\":{\"@id\":\"https:\\\/\\\/usisaat.gl\\\/#website\"},\"datePublished\":\"2019-08-14T07:21:49+00:00\",\"dateModified\":\"2025-07-14T15:07:25+00:00\",\"description\":\"Usisaat er et gr\u00f8nlandsk firma, der har specialiseret sig i flytteservice, shipping, auto service, lagerhotel, lager og logistik, samt CSR.\",\"breadcrumb\":{\"@id\":\"https:\\\/\\\/usisaat.gl\\\/da\\\/forside\\\/#breadcrumb\"},\"inLanguage\":\"da-DK\",\"potentialAction\":[{\"@type\":\"ReadAction\",\"target\":[\"https:\\\/\\\/usisaat.gl\\\/da\\\/forside\\\/\"]}]},{\"@type\":\"BreadcrumbList\",\"@id\":\"https:\\\/\\\/usisaat.gl\\\/da\\\/forside\\\/#breadcrumb\",\"itemListElement\":[{\"@type\":\"ListItem\",\"position\":1,\"name\":\"Hjem\",\"item\":\"https:\\\/\\\/usisaat.gl\\\/da\\\/\"},{\"@type\":\"ListItem\",\"position\":2,\"name\":\"Forside\"}]},{\"@type\":\"WebSite\",\"@id\":\"https:\\\/\\\/usisaat.gl\\\/#website\",\"url\":\"https:\\\/\\\/usisaat.gl\\\/\",\"name\":\"Usisaat\",\"description\":\"Vi laver komplette l\u00f8sninger indenfor flytning, spedition (s\u00f8fragt og luftfragt) og logistik. Vi har opmagasinering\\\/lagerhotel.\",\"potentialAction\":[{\"@type\":\"SearchAction\",\"target\":{\"@type\":\"EntryPoint\",\"urlTemplate\":\"https:\\\/\\\/usisaat.gl\\\/?s={search_term_string}\"},\"query-input\":{\"@type\":\"PropertyValueSpecification\",\"valueRequired\":true,\"valueName\":\"search_term_string\"}}],\"inLanguage\":\"da-DK\"}]}<\/script>\n<!-- \/ Yoast SEO plugin. -->","yoast_head_json":{"title":"Vi er din lokale partner indenfor shipping til eller fra Gr\u00f8nland | Usisaat","description":"Usisaat er et gr\u00f8nlandsk firma, der har specialiseret sig i flytteservice, shipping, auto service, lagerhotel, lager og logistik, samt CSR.","robots":{"index":"index","follow":"follow","max-snippet":"max-snippet:-1","max-image-preview":"max-image-preview:large","max-video-preview":"max-video-preview:-1"},"canonical":"https:\/\/usisaat.gl\/da\/forside\/","og_locale":"da_DK","og_type":"article","og_title":"Vi er din lokale partner indenfor shipping til eller fra Gr\u00f8nland | Usisaat","og_description":"Usisaat er et gr\u00f8nlandsk firma, der har specialiseret sig i flytteservice, shipping, auto service, lagerhotel, lager og logistik, samt CSR.","og_url":"https:\/\/usisaat.gl\/da\/forside\/","og_site_name":"Usisaat","article_modified_time":"2025-07-14T15:07:25+00:00","twitter_card":"summary_large_image","twitter_misc":{"Estimeret l\u00e6setid":"5 minutter"},"schema":{"@context":"https:\/\/schema.org","@graph":[{"@type":"WebPage","@id":"https:\/\/usisaat.gl\/da\/forside\/","url":"https:\/\/usisaat.gl\/da\/forside\/","name":"Vi er din lokale partner indenfor shipping til eller fra Gr\u00f8nland | Usisaat","isPartOf":{"@id":"https:\/\/usisaat.gl\/#website"},"datePublished":"2019-08-14T07:21:49+00:00","dateModified":"2025-07-14T15:07:25+00:00","description":"Usisaat er et gr\u00f8nlandsk firma, der har specialiseret sig i flytteservice, shipping, auto service, lagerhotel, lager og logistik, samt CSR.","breadcrumb":{"@id":"https:\/\/usisaat.gl\/da\/forside\/#breadcrumb"},"inLanguage":"da-DK","potentialAction":[{"@type":"ReadAction","target":["https:\/\/usisaat.gl\/da\/forside\/"]}]},{"@type":"BreadcrumbList","@id":"https:\/\/usisaat.gl\/da\/forside\/#breadcrumb","itemListElement":[{"@type":"ListItem","position":1,"name":"Hjem","item":"https:\/\/usisaat.gl\/da\/"},{"@type":"ListItem","position":2,"name":"Forside"}]},{"@type":"WebSite","@id":"https:\/\/usisaat.gl\/#website","url":"https:\/\/usisaat.gl\/","name":"Usisaat","description":"Vi laver komplette l\u00f8sninger indenfor flytning, spedition (s\u00f8fragt og luftfragt) og logistik. Vi har opmagasinering\/lagerhotel.","potentialAction":[{"@type":"SearchAction","target":{"@type":"EntryPoint","urlTemplate":"https:\/\/usisaat.gl\/?s={search_term_string}"},"query-input":{"@type":"PropertyValueSpecification","valueRequired":true,"valueName":"search_term_string"}}],"inLanguage":"da-DK"}]}},"_links":{"self":[{"href":"https:\/\/usisaat.gl\/da\/wp-json\/wp\/v2\/pages\/8","targetHints":{"allow":["GET"]}}],"collection":[{"href":"https:\/\/usisaat.gl\/da\/wp-json\/wp\/v2\/pages"}],"about":[{"href":"https:\/\/usisaat.gl\/da\/wp-json\/wp\/v2\/types\/page"}],"author":[{"embeddable":true,"href":"https:\/\/usisaat.gl\/da\/wp-json\/wp\/v2\/users\/2"}],"replies":[{"embeddable":true,"href":"https:\/\/usisaat.gl\/da\/wp-json\/wp\/v2\/comments?post=8"}],"version-history":[{"count":121,"href":"https:\/\/usisaat.gl\/da\/wp-json\/wp\/v2\/pages\/8\/revisions"}],"predecessor-version":[{"id":2334,"href":"https:\/\/usisaat.gl\/da\/wp-json\/wp\/v2\/pages\/8\/revisions\/2334"}],"wp:attachment":[{"href":"https:\/\/usisaat.gl\/da\/wp-json\/wp\/v2\/media?parent=8"}],"curies":[{"name":"wp","href":"https:\/\/api.w.org\/{rel}","templated":true}]}}