{"id":532,"date":"2019-09-17T12:22:45","date_gmt":"2019-09-17T12:22:45","guid":{"rendered":"https:\/\/maloutest.dk\/usisaat\/?page_id=532"},"modified":"2024-08-12T14:06:22","modified_gmt":"2024-08-12T14:06:22","slug":"csr","status":"publish","type":"page","link":"https:\/\/usisaat.gl\/da\/csr\/","title":{"rendered":"CSR"},"content":{"rendered":"<section class=\"wpb-content-wrapper\"><p>[vc_row css_animation=&#8221;&#8221; row_type=&#8221;row&#8221; use_row_as_full_screen_section=&#8221;no&#8221; type=&#8221;grid&#8221; angled_section=&#8221;no&#8221; text_align=&#8221;left&#8221; background_image_as_pattern=&#8221;without_pattern&#8221; el_class=&#8221;padding90 space-between&#8221; z_index=&#8221;&#8221; css=&#8221;.vc_custom_1568720069144{padding-top: 60px !important;}&#8221;][vc_column offset=&#8221;vc_col-lg-6 vc_col-md-6 vc_col-xs-12&#8243;][vc_empty_space height=&#8221;30px&#8221;][vc_column_text el_class=&#8221;with-space opdeler&#8221;]<\/p>\n<h2>CSR-profil<\/h2>\n<p>Det sociale og milj\u00f8m\u00e6ssige ansvar fylder meget hos Usisaat, og det har det gjort helt tilbage til virksomhedens grundl\u00e6ggelse. Det betyder meget for os at st\u00f8tte op om vores f\u00e6lles natur og det sociale milj\u00f8 ved at skabe og s\u00f8s\u00e6tte b\u00e6redygtige tiltag og arbejdspladser. Her p\u00e5 siden kan du l\u00e6se mere om, hvilke omr\u00e5der og tiltag vi arbejder med, og som vi er stolte af at kunne st\u00e5 inde for.<\/p>\n<h4>Hvilke v\u00e6rdier arbejder vi ud fra?<\/h4>\n<ul>\n<li>Vi har altid kunden i centrum.<\/li>\n<li>Vi samarbejder om en sund arbejdsplads med glade medarbejdere.<\/li>\n<li>Vi driver virksomhed med respekt for vores omgivelser.<\/li>\n<\/ul>\n<p>[\/vc_column_text][vc_empty_space height=&#8221;30px&#8221;][\/vc_column][vc_column offset=&#8221;vc_col-lg-6 vc_col-md-6 vc_col-xs-12&#8243;][vc_empty_space height=&#8221;30px&#8221;][vc_single_image image=&#8221;2229&#8243; img_size=&#8221;large&#8221; alignment=&#8221;center&#8221; qode_css_animation=&#8221;&#8221;][vc_empty_space height=&#8221;30px&#8221;][\/vc_column][\/vc_row][vc_row css_animation=&#8221;&#8221; row_type=&#8221;row&#8221; use_row_as_full_screen_section=&#8221;no&#8221; type=&#8221;full_width&#8221; angled_section=&#8221;no&#8221; text_align=&#8221;left&#8221; background_image_as_pattern=&#8221;without_pattern&#8221; z_index=&#8221;&#8221; background_image=&#8221;90&#8243; el_class=&#8221;background-left&#8221; css=&#8221;.vc_custom_1573116297871{background-image: url(https:\/\/usisaat.gl\/wp-content\/uploads\/2019\/11\/arctic-bg.jpg?id=1404) !important;}&#8221;][vc_column offset=&#8221;vc_col-lg-6 vc_col-md-6 vc_col-xs-12&#8243;][\/vc_column][vc_column offset=&#8221;vc_col-lg-6 vc_col-md-6 vc_col-xs-12&#8243;][vc_row_inner row_type=&#8221;row&#8221; type=&#8221;full_width&#8221; text_align=&#8221;left&#8221; css_animation=&#8221;&#8221; el_class=&#8221;padding80 skew-gradient&#8221;][vc_column_inner offset=&#8221;vc_col-lg-offset-1 vc_col-lg-8 vc_col-md-offset-1 vc_col-md-10&#8243;][vc_column_text el_class=&#8221;with-space hvid&#8221;]<\/p>\n<h2>Vil du kontaktes?<\/h2>\n<p>[\/vc_column_text]<p class=\"wpcf7-contact-form-not-found\"><strong>Fejl:<\/strong> Kontaktformular ikke fundet.<\/p>[\/vc_column_inner][\/vc_row_inner][\/vc_column][\/vc_row][vc_row css_animation=&#8221;&#8221; row_type=&#8221;row&#8221; use_row_as_full_screen_section=&#8221;no&#8221; type=&#8221;grid&#8221; angled_section=&#8221;no&#8221; text_align=&#8221;left&#8221; background_image_as_pattern=&#8221;without_pattern&#8221; el_class=&#8221;padding90 space-between swap-columns-on-mobile&#8221; z_index=&#8221;&#8221; css=&#8221;.vc_custom_1568723151564{padding-bottom: 0px !important;}&#8221;][vc_column offset=&#8221;vc_col-lg-6 vc_col-md-6 vc_col-xs-12&#8243;][vc_empty_space height=&#8221;30px&#8221;][vc_single_image image=&#8221;2092&#8243; img_size=&#8221;large&#8221; alignment=&#8221;center&#8221; qode_css_animation=&#8221;&#8221;][vc_empty_space height=&#8221;30px&#8221;][\/vc_column][vc_column offset=&#8221;vc_col-lg-6 vc_col-md-6 vc_col-xs-12&#8243;][vc_empty_space height=&#8221;30px&#8221;][vc_column_text el_class=&#8221;with-space opdeler&#8221;]<\/p>\n<h2>CSR som en grundsten i vores virksomhed<\/h2>\n<p>Lige siden Usisaat blev stiftet tilbage i 1973, har vi som virksomhed haft en meget bevidst holdning til b\u00e5de vores sociale og milj\u00f8m\u00e6ssige ansvar. Det g\u00e6lder b\u00e5de internt i vores virksomhed og eksternt i forhold til vores omverden. Det har v\u00e6ret med til at forme vores virksomhed, og det har en stor betydning for den virksomhed, som Usisaat er den dag i dag.<\/p>\n<p>Usisaat fungerer i dag som en aktiv del af lokalsamfundet, og vi har en meget vision\u00e6r holdning til det lokale og globale milj\u00f8. I forbindelse hertil f\u00f8lger vi vores m\u00e5ls\u00e6tning om, at 10% af vores medarbejdere er under uddannelse, i l\u00e6re eller har praktikplads hos os.[\/vc_column_text][vc_empty_space height=&#8221;30px&#8221;][\/vc_column][\/vc_row][vc_row css_animation=&#8221;&#8221; row_type=&#8221;row&#8221; use_row_as_full_screen_section=&#8221;no&#8221; type=&#8221;grid&#8221; angled_section=&#8221;no&#8221; text_align=&#8221;left&#8221; background_image_as_pattern=&#8221;without_pattern&#8221; el_class=&#8221;padding90 space-between&#8221; z_index=&#8221;&#8221; css=&#8221;.vc_custom_1568726700082{padding-bottom: 0px !important;}&#8221;][vc_column offset=&#8221;vc_col-lg-6 vc_col-md-6 vc_col-xs-12&#8243;][vc_empty_space height=&#8221;30px&#8221;][vc_column_text el_class=&#8221;with-space opdeler&#8221;]<\/p>\n<h2>Vi m\u00e5ler p\u00e5 vores CSR<\/h2>\n<p>For nogle \u00e5r tilbage fik vi defineret en CSR-strategi, og det har hele tiden v\u00e6ret vigtigt for os, at der er handling bag vores ord. For at sikre at vi g\u00f8r en forskel i forhold til vores CSR, har vi derfor formuleret en CSR-strategi med m\u00e5lbare parametre. Hvert \u00e5r foretager vi en rapportering, der blandt andet tager udgangspunkt i de m\u00e5lbare parametre, som vi har opstillet. Vi er desuden medlem af CSR Gr\u00f8nland, og vi har et stort fokus p\u00e5 CSR i vores 2020-plan.<\/p>\n<p>Vi opdaterer og tilpasser l\u00f8bende vores CSR-strategi, s\u00e5 den matcher tiden, omgivelserne og underst\u00f8tter vores forretningsm\u00e6ssige m\u00e5l. Vi vil nemlig gerne sikre os, at Usisaat skaber v\u00e6rdi for b\u00e5de samfundet, milj\u00f8et og vores kunder.[\/vc_column_text][vc_empty_space height=&#8221;30px&#8221;][\/vc_column][vc_column offset=&#8221;vc_col-lg-6 vc_col-md-6 vc_col-xs-12&#8243;][vc_empty_space height=&#8221;30px&#8221;][vc_single_image image=&#8221;2210&#8243; img_size=&#8221;large&#8221; alignment=&#8221;center&#8221; qode_css_animation=&#8221;&#8221;][vc_empty_space height=&#8221;30px&#8221;][\/vc_column][\/vc_row]<\/p>\n<\/section>","protected":false},"excerpt":{"rendered":"<p>[vc_row css_animation=&#8221;&#8221; row_type=&#8221;row&#8221; use_row_as_full_screen_section=&#8221;no&#8221; type=&#8221;grid&#8221; angled_section=&#8221;no&#8221; text_align=&#8221;left&#8221; background_image_as_pattern=&#8221;without_pattern&#8221; el_class=&#8221;padding90 space-between&#8221; z_index=&#8221;&#8221; css=&#8221;.vc_custom_1568720069144{padding-top: 60px !important;}&#8221;][vc_column offset=&#8221;vc_col-lg-6 vc_col-md-6 vc_col-xs-12&#8243;][vc_empty_space height=&#8221;30px&#8221;][vc_column_text el_class=&#8221;with-space opdeler&#8221;] CSR-profil Det sociale og milj\u00f8m\u00e6ssige ansvar fylder meget hos Usisaat,&#8230;<\/p>\n","protected":false},"author":2,"featured_media":0,"parent":0,"menu_order":0,"comment_status":"closed","ping_status":"closed","template":"full_width.php","meta":{"_acf_changed":false,"footnotes":""},"class_list":["post-532","page","type-page","status-publish","hentry"],"acf":[],"yoast_head":"<!-- This site is optimized with the Yoast SEO plugin v27.6 - https:\/\/yoast.com\/product\/yoast-seo-wordpress\/ -->\n<title>CSR - Usisaat<\/title>\n<meta name=\"robots\" content=\"index, follow, max-snippet:-1, max-image-preview:large, max-video-preview:-1\" \/>\n<link rel=\"canonical\" href=\"https:\/\/usisaat.gl\/csr\/\" \/>\n<meta property=\"og:locale\" content=\"da_DK\" \/>\n<meta property=\"og:type\" content=\"article\" \/>\n<meta property=\"og:title\" content=\"CSR - Usisaat\" \/>\n<meta property=\"og:description\" content=\"[vc_row css_animation=&#8221;&#8221; row_type=&#8221;row&#8221; use_row_as_full_screen_section=&#8221;no&#8221; type=&#8221;grid&#8221; angled_section=&#8221;no&#8221; text_align=&#8221;left&#8221; background_image_as_pattern=&#8221;without_pattern&#8221; el_class=&#8221;padding90 space-between&#8221; z_index=&#8221;&#8221; css=&#8221;.vc_custom_1568720069144{padding-top: 60px !important;}&#8221;][vc_column offset=&#8221;vc_col-lg-6 vc_col-md-6 vc_col-xs-12&#8243;][vc_empty_space height=&#8221;30px&#8221;][vc_column_text el_class=&#8221;with-space opdeler&#8221;] CSR-profil Det sociale og milj\u00f8m\u00e6ssige ansvar fylder meget hos Usisaat,...\" \/>\n<meta property=\"og:url\" content=\"https:\/\/usisaat.gl\/csr\/\" \/>\n<meta property=\"og:site_name\" content=\"Usisaat\" \/>\n<meta property=\"article:modified_time\" content=\"2024-08-12T14:06:22+00:00\" \/>\n<meta name=\"twitter:card\" content=\"summary_large_image\" \/>\n<meta name=\"twitter:label1\" content=\"Estimeret l\u00e6setid\" \/>\n\t<meta name=\"twitter:data1\" content=\"4 minutter\" \/>\n<script type=\"application\/ld+json\" class=\"yoast-schema-graph\">{\"@context\":\"https:\\\/\\\/schema.org\",\"@graph\":[{\"@type\":\"WebPage\",\"@id\":\"https:\\\/\\\/usisaat.gl\\\/csr\\\/\",\"url\":\"https:\\\/\\\/usisaat.gl\\\/csr\\\/\",\"name\":\"CSR - Usisaat\",\"isPartOf\":{\"@id\":\"https:\\\/\\\/usisaat.gl\\\/#website\"},\"datePublished\":\"2019-09-17T12:22:45+00:00\",\"dateModified\":\"2024-08-12T14:06:22+00:00\",\"breadcrumb\":{\"@id\":\"https:\\\/\\\/usisaat.gl\\\/csr\\\/#breadcrumb\"},\"inLanguage\":\"da-DK\",\"potentialAction\":[{\"@type\":\"ReadAction\",\"target\":[\"https:\\\/\\\/usisaat.gl\\\/csr\\\/\"]}]},{\"@type\":\"BreadcrumbList\",\"@id\":\"https:\\\/\\\/usisaat.gl\\\/csr\\\/#breadcrumb\",\"itemListElement\":[{\"@type\":\"ListItem\",\"position\":1,\"name\":\"Hjem\",\"item\":\"https:\\\/\\\/usisaat.gl\\\/da\\\/\"},{\"@type\":\"ListItem\",\"position\":2,\"name\":\"CSR\"}]},{\"@type\":\"WebSite\",\"@id\":\"https:\\\/\\\/usisaat.gl\\\/#website\",\"url\":\"https:\\\/\\\/usisaat.gl\\\/\",\"name\":\"Usisaat\",\"description\":\"Vi laver komplette l\u00f8sninger indenfor flytning, spedition (s\u00f8fragt og luftfragt) og logistik. Vi har opmagasinering\\\/lagerhotel.\",\"potentialAction\":[{\"@type\":\"SearchAction\",\"target\":{\"@type\":\"EntryPoint\",\"urlTemplate\":\"https:\\\/\\\/usisaat.gl\\\/?s={search_term_string}\"},\"query-input\":{\"@type\":\"PropertyValueSpecification\",\"valueRequired\":true,\"valueName\":\"search_term_string\"}}],\"inLanguage\":\"da-DK\"}]}<\/script>\n<!-- \/ Yoast SEO plugin. -->","yoast_head_json":{"title":"CSR - Usisaat","robots":{"index":"index","follow":"follow","max-snippet":"max-snippet:-1","max-image-preview":"max-image-preview:large","max-video-preview":"max-video-preview:-1"},"canonical":"https:\/\/usisaat.gl\/csr\/","og_locale":"da_DK","og_type":"article","og_title":"CSR - Usisaat","og_description":"[vc_row css_animation=&#8221;&#8221; row_type=&#8221;row&#8221; use_row_as_full_screen_section=&#8221;no&#8221; type=&#8221;grid&#8221; angled_section=&#8221;no&#8221; text_align=&#8221;left&#8221; background_image_as_pattern=&#8221;without_pattern&#8221; el_class=&#8221;padding90 space-between&#8221; z_index=&#8221;&#8221; css=&#8221;.vc_custom_1568720069144{padding-top: 60px !important;}&#8221;][vc_column offset=&#8221;vc_col-lg-6 vc_col-md-6 vc_col-xs-12&#8243;][vc_empty_space height=&#8221;30px&#8221;][vc_column_text el_class=&#8221;with-space opdeler&#8221;] CSR-profil Det sociale og milj\u00f8m\u00e6ssige ansvar fylder meget hos Usisaat,...","og_url":"https:\/\/usisaat.gl\/csr\/","og_site_name":"Usisaat","article_modified_time":"2024-08-12T14:06:22+00:00","twitter_card":"summary_large_image","twitter_misc":{"Estimeret l\u00e6setid":"4 minutter"},"schema":{"@context":"https:\/\/schema.org","@graph":[{"@type":"WebPage","@id":"https:\/\/usisaat.gl\/csr\/","url":"https:\/\/usisaat.gl\/csr\/","name":"CSR - Usisaat","isPartOf":{"@id":"https:\/\/usisaat.gl\/#website"},"datePublished":"2019-09-17T12:22:45+00:00","dateModified":"2024-08-12T14:06:22+00:00","breadcrumb":{"@id":"https:\/\/usisaat.gl\/csr\/#breadcrumb"},"inLanguage":"da-DK","potentialAction":[{"@type":"ReadAction","target":["https:\/\/usisaat.gl\/csr\/"]}]},{"@type":"BreadcrumbList","@id":"https:\/\/usisaat.gl\/csr\/#breadcrumb","itemListElement":[{"@type":"ListItem","position":1,"name":"Hjem","item":"https:\/\/usisaat.gl\/da\/"},{"@type":"ListItem","position":2,"name":"CSR"}]},{"@type":"WebSite","@id":"https:\/\/usisaat.gl\/#website","url":"https:\/\/usisaat.gl\/","name":"Usisaat","description":"Vi laver komplette l\u00f8sninger indenfor flytning, spedition (s\u00f8fragt og luftfragt) og logistik. Vi har opmagasinering\/lagerhotel.","potentialAction":[{"@type":"SearchAction","target":{"@type":"EntryPoint","urlTemplate":"https:\/\/usisaat.gl\/?s={search_term_string}"},"query-input":{"@type":"PropertyValueSpecification","valueRequired":true,"valueName":"search_term_string"}}],"inLanguage":"da-DK"}]}},"_links":{"self":[{"href":"https:\/\/usisaat.gl\/da\/wp-json\/wp\/v2\/pages\/532","targetHints":{"allow":["GET"]}}],"collection":[{"href":"https:\/\/usisaat.gl\/da\/wp-json\/wp\/v2\/pages"}],"about":[{"href":"https:\/\/usisaat.gl\/da\/wp-json\/wp\/v2\/types\/page"}],"author":[{"embeddable":true,"href":"https:\/\/usisaat.gl\/da\/wp-json\/wp\/v2\/users\/2"}],"replies":[{"embeddable":true,"href":"https:\/\/usisaat.gl\/da\/wp-json\/wp\/v2\/comments?post=532"}],"version-history":[{"count":21,"href":"https:\/\/usisaat.gl\/da\/wp-json\/wp\/v2\/pages\/532\/revisions"}],"predecessor-version":[{"id":2230,"href":"https:\/\/usisaat.gl\/da\/wp-json\/wp\/v2\/pages\/532\/revisions\/2230"}],"wp:attachment":[{"href":"https:\/\/usisaat.gl\/da\/wp-json\/wp\/v2\/media?parent=532"}],"curies":[{"name":"wp","href":"https:\/\/api.w.org\/{rel}","templated":true}]}}