{"id":516,"date":"2019-09-17T11:55:14","date_gmt":"2019-09-17T11:55:14","guid":{"rendered":"https:\/\/maloutest.dk\/usisaat\/?page_id=516"},"modified":"2025-07-14T15:02:06","modified_gmt":"2025-07-14T15:02:06","slug":"lager-og-logistik","status":"publish","type":"page","link":"https:\/\/usisaat.gl\/da\/flytteservice\/lager-og-logistik\/","title":{"rendered":"Lager og logistik"},"content":{"rendered":"<section class=\"wpb-content-wrapper\"><p>[vc_row css_animation=&#8221;&#8221; row_type=&#8221;row&#8221; use_row_as_full_screen_section=&#8221;no&#8221; type=&#8221;grid&#8221; angled_section=&#8221;no&#8221; text_align=&#8221;left&#8221; background_image_as_pattern=&#8221;without_pattern&#8221; el_class=&#8221;padding90 space-between&#8221; z_index=&#8221;&#8221; css=&#8221;.vc_custom_1568722399418{padding-bottom: 0px !important;}&#8221;][vc_column offset=&#8221;vc_col-lg-6 vc_col-md-6 vc_col-xs-12&#8243;][vc_empty_space height=&#8221;30px&#8221;][vc_column_text el_class=&#8221;with-space opdeler&#8221;]<\/p>\n<h2>Lager og logistik<\/h2>\n<p>Har du brug for hj\u00e6lp til at fragte varer eller andet gods til Gr\u00f8nland? Eller har du nogle varer, som du gerne vil have opbevaret et sikkert sted p\u00e5 Gr\u00f8nland? Hos Usisaat tilbyder vi alt inden for lager og logistik. Vi st\u00e5r for at fragte dine varer eller andet gods, og vi tilbyder ogs\u00e5 lagerf\u00f8ring.<\/p>\n<p>Hos Usisaat tilbyder vi lager og logistik for virksomheder. Vi har mere end 45 \u00e5rs erfaring med shipping, og vi kan fragte dit gods sikkert frem til den destination p\u00e5 Gr\u00f8nland, som du \u00f8nsker. Har du brug for at f\u00e5 dine varer eller ting opbevaret et sikkert sted, indtil du selv har mulighed for at tage imod dem, kan vi ogs\u00e5 tilbyde dig opbevaring i en af vores store lagerhaller. Du kan v\u00e6re helt sikker p\u00e5, at dine ting er i trygge og professionelle h\u00e6nder hos os, og at de bliver fragtet og opbevaret p\u00e5 en sikker m\u00e5de.<\/p>\n<h4><b>Hvad er forskellen p\u00e5 lagerf\u00f8ring og lagerhotel?<\/b><\/h4>\n<p>Er du i tvivl om, hvad forskellen er p\u00e5 lagerf\u00f8ring og lagerhotel? Lagerf\u00f8ring betyder i korte tr\u00e6k, at vi f\u00f8rer lager for dig. Vi holder styr p\u00e5 alle dine ting. Ved lagerhotel holder du derimod selv styr p\u00e5 dit eget areal. Her g\u00e5r vi ikke ind og styrer dit lager for dig.[\/vc_column_text][vc_empty_space height=&#8221;30px&#8221;][\/vc_column][vc_column el_class=&#8221;contact-box&#8221; offset=&#8221;vc_col-lg-6 vc_col-md-6 vc_col-xs-12&#8243;][vc_column_text el_class=&#8221;hvid&#8221;]<\/p>\n<h3>Skal vi hj\u00e6lpe med logistik\/lagerf\u00f8ring?<\/h3>\n<p>[\/vc_column_text][vc_empty_space height=&#8221;20px&#8221;]\n<div class=\"wpcf7 no-js\" id=\"wpcf7-f165-o1\" lang=\"da-DK\" dir=\"ltr\" data-wpcf7-id=\"165\">\n<div class=\"screen-reader-response\"><p role=\"status\" aria-live=\"polite\" aria-atomic=\"true\"><\/p> <ul><\/ul><\/div>\n<form action=\"\/da\/wp-json\/wp\/v2\/pages\/516#wpcf7-f165-o1\" method=\"post\" class=\"wpcf7-form init cf7_custom_style_2\" aria-label=\"Kontaktformular\" novalidate=\"novalidate\" data-status=\"init\">\n<fieldset class=\"hidden-fields-container\"><input type=\"hidden\" name=\"_wpcf7\" value=\"165\" \/><input type=\"hidden\" name=\"_wpcf7_version\" value=\"6.1.5\" \/><input type=\"hidden\" name=\"_wpcf7_locale\" value=\"da_DK\" \/><input type=\"hidden\" name=\"_wpcf7_unit_tag\" value=\"wpcf7-f165-o1\" \/><input type=\"hidden\" name=\"_wpcf7_container_post\" value=\"0\" \/><input type=\"hidden\" name=\"_wpcf7_posted_data_hash\" value=\"\" \/>\n<\/fieldset>\n<div class=\"wpcf7-turnstile cf-turnstile\" data-sitekey=\"0x4AAAAAAB_tKw1hQLtAxEPR\" data-response-field-name=\"_wpcf7_turnstile_response\"><\/div>\n\n<div class=\"clearfix\">\n\t<div class=\"first-column\">\n\t\t<p><span class=\"wpcf7-form-control-wrap\" data-name=\"your-name\"><input size=\"40\" maxlength=\"400\" class=\"wpcf7-form-control wpcf7-text wpcf7-validates-as-required\" aria-required=\"true\" aria-invalid=\"false\" placeholder=\"Dit navn\" value=\"\" type=\"text\" name=\"your-name\" \/><\/span>\n\t\t<\/p>\n\t<\/div>\n\t<div class=\"second-column\">\n\t\t<p><span class=\"wpcf7-form-control-wrap\" data-name=\"your-phone\"><input size=\"40\" maxlength=\"400\" class=\"wpcf7-form-control wpcf7-tel wpcf7-validates-as-required wpcf7-text wpcf7-validates-as-tel\" aria-required=\"true\" aria-invalid=\"false\" placeholder=\"Dit telefonnummer\" value=\"\" type=\"tel\" name=\"your-phone\" \/><\/span>\n\t\t<\/p>\n\t<\/div>\n<\/div>\n<p><span class=\"wpcf7-form-control-wrap\" data-name=\"your-message\"><textarea cols=\"40\" rows=\"3\" maxlength=\"2000\" class=\"wpcf7-form-control wpcf7-textarea\" aria-invalid=\"false\" placeholder=\"Din besked\" name=\"your-message\"><\/textarea><\/span><br \/>\n<span id=\"wpcf7-69d29b3f97730-wrapper\" class=\"wpcf7-form-control-wrap honeypot-886-wrap\" ><input type=\"hidden\" name=\"honeypot-886-time-start\" value=\"1775409983\"><input type=\"hidden\" name=\"honeypot-886-time-check\" value=\"4\"><input id=\"wpcf7-69d29b3f97730-field\"  placeholder=\"name\"  class=\"wpcf7-form-control wpcf7-text\" type=\"text\" name=\"honeypot-886\" value=\"\" size=\"40\" tabindex=\"-1\" autocomplete=\"off\" \/><\/span><br \/>\n<input class=\"wpcf7-form-control wpcf7-submit has-spinner\" type=\"submit\" value=\"Kontakt mig\" \/>\n<\/p>\n<p><script>\ndocument.addEventListener( 'wpcf7mailsent', function( event ) {\n location = 'https:\/\/usisaat.gl\/tak\/';\n}, false );\n<\/script>\n<\/p><div class=\"wpcf7-response-output\" aria-hidden=\"true\"><\/div>\n<\/form>\n<\/div>\n[\/vc_column][\/vc_row][vc_row css_animation=&#8221;&#8221; row_type=&#8221;row&#8221; use_row_as_full_screen_section=&#8221;no&#8221; type=&#8221;grid&#8221; angled_section=&#8221;no&#8221; text_align=&#8221;left&#8221; background_image_as_pattern=&#8221;without_pattern&#8221; el_class=&#8221;padding90 space-between&#8221; z_index=&#8221;&#8221;][vc_column offset=&#8221;vc_col-lg-6 vc_col-md-6 vc_col-xs-12&#8243;][vc_empty_space height=&#8221;30px&#8221;][vc_single_image image=&#8221;1870&#8243; img_size=&#8221;large&#8221; alignment=&#8221;center&#8221; qode_css_animation=&#8221;&#8221;][vc_empty_space height=&#8221;30px&#8221;][\/vc_column][vc_column offset=&#8221;vc_col-lg-6 vc_col-md-6 vc_col-xs-12&#8243;][vc_empty_space height=&#8221;30px&#8221;][vc_column_text el_class=&#8221;with-space opdeler&#8221;]<\/p>\n<h2>Lagerf\u00f8ring for firmaer<\/h2>\n<p>Hos Usisaat kan vi v\u00e6re lagerf\u00f8rende for dig og din virksomhed. Vi kan b\u00e5de fragte dit gods til Gr\u00f8nland og holde styr p\u00e5 lageret \u2013 p\u00e5 dit eget eller p\u00e5 vores system \u2013 og vi kan ogs\u00e5 st\u00e5 for at modtage dit gods og sende det videre og levere til din kunde, hvis du har brug for det. Vi st\u00e5r for alt i forhold til papirarbejde og tilladelser, og vi sikrer dig en markant billigere pris, end hvis du skulle sende stykgods.<\/p>\n<p>Du kan g\u00f8re brug af vores lagerf\u00f8ring, hvis du eksempelvis har en lokal butik, hvor din efter\u00e5rsordre kommer samlet, men du \u00f8nsker at f\u00e5 den delt op. Det kan ogs\u00e5 v\u00e6re, at du driver en virksomhed i Danmark, og du gerne vil etablere dig p\u00e5 Gr\u00f8nland og derfor har et salg via nettet eller en s\u00e6lger p\u00e5 Gr\u00f8nland, som du sender varer til et par gange om \u00e5ret. Vi h\u00e5ndterer dit lager og tilbyder mulighed for lagerstyring. Herfra hvis du modtager en ordre, kan vi ogs\u00e5 levere til din kunde.[\/vc_column_text][vc_empty_space height=&#8221;30px&#8221;][\/vc_column][\/vc_row][vc_row css_animation=&#8221;&#8221; row_type=&#8221;row&#8221; use_row_as_full_screen_section=&#8221;no&#8221; type=&#8221;grid&#8221; angled_section=&#8221;no&#8221; text_align=&#8221;left&#8221; background_image_as_pattern=&#8221;without_pattern&#8221; z_index=&#8221;&#8221;][vc_column][vc_separator type=&#8221;normal&#8221; color=&#8221;#dd3333&#8243; thickness=&#8221;1&#8243;][\/vc_column][\/vc_row][vc_row css_animation=&#8221;&#8221; row_type=&#8221;row&#8221; use_row_as_full_screen_section=&#8221;no&#8221; type=&#8221;grid&#8221; angled_section=&#8221;no&#8221; text_align=&#8221;left&#8221; background_image_as_pattern=&#8221;without_pattern&#8221; el_class=&#8221;padding90&#8243; z_index=&#8221;&#8221; css=&#8221;.vc_custom_1566218069685{padding-top: 50px !important;}&#8221;][vc_column][vc_gallery type=&#8221;image_grid&#8221; images=&#8221;1875,1873,1874,1870,1872&#8243; img_size=&#8221;400&#215;400&#8243; column_number=&#8221;5&#8243; grayscale=&#8221;no&#8221; images_space=&#8221;gallery_with_space&#8221;][\/vc_column][\/vc_row]<\/p>\n<\/section>","protected":false},"excerpt":{"rendered":"<p>[vc_row css_animation=&#8221;&#8221; row_type=&#8221;row&#8221; use_row_as_full_screen_section=&#8221;no&#8221; type=&#8221;grid&#8221; angled_section=&#8221;no&#8221; text_align=&#8221;left&#8221; background_image_as_pattern=&#8221;without_pattern&#8221; el_class=&#8221;padding90 space-between&#8221; z_index=&#8221;&#8221; css=&#8221;.vc_custom_1568722399418{padding-bottom: 0px !important;}&#8221;][vc_column offset=&#8221;vc_col-lg-6 vc_col-md-6 vc_col-xs-12&#8243;][vc_empty_space height=&#8221;30px&#8221;][vc_column_text el_class=&#8221;with-space opdeler&#8221;] Lager og logistik Har du brug for hj\u00e6lp til at&#8230;<\/p>\n","protected":false},"author":2,"featured_media":0,"parent":112,"menu_order":0,"comment_status":"closed","ping_status":"closed","template":"full_width.php","meta":{"_acf_changed":false,"footnotes":""},"class_list":["post-516","page","type-page","status-publish","hentry"],"acf":[],"yoast_head":"<!-- This site is optimized with the Yoast SEO plugin v27.3 - https:\/\/yoast.com\/product\/yoast-seo-wordpress\/ -->\n<title>Lager og logistik - Usisaat<\/title>\n<meta name=\"robots\" content=\"index, follow, max-snippet:-1, max-image-preview:large, max-video-preview:-1\" \/>\n<link rel=\"canonical\" href=\"https:\/\/usisaat.gl\/da\/flytteservice\/lager-og-logistik\/\" \/>\n<meta property=\"og:locale\" content=\"da_DK\" \/>\n<meta property=\"og:type\" content=\"article\" \/>\n<meta property=\"og:title\" content=\"Lager og logistik - Usisaat\" \/>\n<meta property=\"og:description\" content=\"[vc_row css_animation=&#8221;&#8221; row_type=&#8221;row&#8221; use_row_as_full_screen_section=&#8221;no&#8221; type=&#8221;grid&#8221; angled_section=&#8221;no&#8221; text_align=&#8221;left&#8221; background_image_as_pattern=&#8221;without_pattern&#8221; el_class=&#8221;padding90 space-between&#8221; z_index=&#8221;&#8221; css=&#8221;.vc_custom_1568722399418{padding-bottom: 0px !important;}&#8221;][vc_column offset=&#8221;vc_col-lg-6 vc_col-md-6 vc_col-xs-12&#8243;][vc_empty_space height=&#8221;30px&#8221;][vc_column_text el_class=&#8221;with-space opdeler&#8221;] Lager og logistik Har du brug for hj\u00e6lp til at...\" \/>\n<meta property=\"og:url\" content=\"https:\/\/usisaat.gl\/da\/flytteservice\/lager-og-logistik\/\" \/>\n<meta property=\"og:site_name\" content=\"Usisaat\" \/>\n<meta property=\"article:modified_time\" content=\"2025-07-14T15:02:06+00:00\" \/>\n<meta name=\"twitter:card\" content=\"summary_large_image\" \/>\n<meta name=\"twitter:label1\" content=\"Estimeret l\u00e6setid\" \/>\n\t<meta name=\"twitter:data1\" content=\"4 minutter\" \/>\n<script type=\"application\/ld+json\" class=\"yoast-schema-graph\">{\"@context\":\"https:\\\/\\\/schema.org\",\"@graph\":[{\"@type\":\"WebPage\",\"@id\":\"https:\\\/\\\/usisaat.gl\\\/da\\\/flytteservice\\\/lager-og-logistik\\\/\",\"url\":\"https:\\\/\\\/usisaat.gl\\\/da\\\/flytteservice\\\/lager-og-logistik\\\/\",\"name\":\"Lager og logistik - Usisaat\",\"isPartOf\":{\"@id\":\"https:\\\/\\\/usisaat.gl\\\/#website\"},\"datePublished\":\"2019-09-17T11:55:14+00:00\",\"dateModified\":\"2025-07-14T15:02:06+00:00\",\"breadcrumb\":{\"@id\":\"https:\\\/\\\/usisaat.gl\\\/da\\\/flytteservice\\\/lager-og-logistik\\\/#breadcrumb\"},\"inLanguage\":\"da-DK\",\"potentialAction\":[{\"@type\":\"ReadAction\",\"target\":[\"https:\\\/\\\/usisaat.gl\\\/da\\\/flytteservice\\\/lager-og-logistik\\\/\"]}]},{\"@type\":\"BreadcrumbList\",\"@id\":\"https:\\\/\\\/usisaat.gl\\\/da\\\/flytteservice\\\/lager-og-logistik\\\/#breadcrumb\",\"itemListElement\":[{\"@type\":\"ListItem\",\"position\":1,\"name\":\"Hjem\",\"item\":\"https:\\\/\\\/usisaat.gl\\\/da\\\/\"},{\"@type\":\"ListItem\",\"position\":2,\"name\":\"Flytteservice\",\"item\":\"https:\\\/\\\/usisaat.gl\\\/da\\\/\"},{\"@type\":\"ListItem\",\"position\":3,\"name\":\"Lager og logistik\"}]},{\"@type\":\"WebSite\",\"@id\":\"https:\\\/\\\/usisaat.gl\\\/#website\",\"url\":\"https:\\\/\\\/usisaat.gl\\\/\",\"name\":\"Usisaat\",\"description\":\"Vi laver komplette l\u00f8sninger indenfor flytning, spedition (s\u00f8fragt og luftfragt) og logistik. Vi har opmagasinering\\\/lagerhotel.\",\"potentialAction\":[{\"@type\":\"SearchAction\",\"target\":{\"@type\":\"EntryPoint\",\"urlTemplate\":\"https:\\\/\\\/usisaat.gl\\\/?s={search_term_string}\"},\"query-input\":{\"@type\":\"PropertyValueSpecification\",\"valueRequired\":true,\"valueName\":\"search_term_string\"}}],\"inLanguage\":\"da-DK\"}]}<\/script>\n<!-- \/ Yoast SEO plugin. -->","yoast_head_json":{"title":"Lager og logistik - Usisaat","robots":{"index":"index","follow":"follow","max-snippet":"max-snippet:-1","max-image-preview":"max-image-preview:large","max-video-preview":"max-video-preview:-1"},"canonical":"https:\/\/usisaat.gl\/da\/flytteservice\/lager-og-logistik\/","og_locale":"da_DK","og_type":"article","og_title":"Lager og logistik - Usisaat","og_description":"[vc_row css_animation=&#8221;&#8221; row_type=&#8221;row&#8221; use_row_as_full_screen_section=&#8221;no&#8221; type=&#8221;grid&#8221; angled_section=&#8221;no&#8221; text_align=&#8221;left&#8221; background_image_as_pattern=&#8221;without_pattern&#8221; el_class=&#8221;padding90 space-between&#8221; z_index=&#8221;&#8221; css=&#8221;.vc_custom_1568722399418{padding-bottom: 0px !important;}&#8221;][vc_column offset=&#8221;vc_col-lg-6 vc_col-md-6 vc_col-xs-12&#8243;][vc_empty_space height=&#8221;30px&#8221;][vc_column_text el_class=&#8221;with-space opdeler&#8221;] Lager og logistik Har du brug for hj\u00e6lp til at...","og_url":"https:\/\/usisaat.gl\/da\/flytteservice\/lager-og-logistik\/","og_site_name":"Usisaat","article_modified_time":"2025-07-14T15:02:06+00:00","twitter_card":"summary_large_image","twitter_misc":{"Estimeret l\u00e6setid":"4 minutter"},"schema":{"@context":"https:\/\/schema.org","@graph":[{"@type":"WebPage","@id":"https:\/\/usisaat.gl\/da\/flytteservice\/lager-og-logistik\/","url":"https:\/\/usisaat.gl\/da\/flytteservice\/lager-og-logistik\/","name":"Lager og logistik - Usisaat","isPartOf":{"@id":"https:\/\/usisaat.gl\/#website"},"datePublished":"2019-09-17T11:55:14+00:00","dateModified":"2025-07-14T15:02:06+00:00","breadcrumb":{"@id":"https:\/\/usisaat.gl\/da\/flytteservice\/lager-og-logistik\/#breadcrumb"},"inLanguage":"da-DK","potentialAction":[{"@type":"ReadAction","target":["https:\/\/usisaat.gl\/da\/flytteservice\/lager-og-logistik\/"]}]},{"@type":"BreadcrumbList","@id":"https:\/\/usisaat.gl\/da\/flytteservice\/lager-og-logistik\/#breadcrumb","itemListElement":[{"@type":"ListItem","position":1,"name":"Hjem","item":"https:\/\/usisaat.gl\/da\/"},{"@type":"ListItem","position":2,"name":"Flytteservice","item":"https:\/\/usisaat.gl\/da\/"},{"@type":"ListItem","position":3,"name":"Lager og logistik"}]},{"@type":"WebSite","@id":"https:\/\/usisaat.gl\/#website","url":"https:\/\/usisaat.gl\/","name":"Usisaat","description":"Vi laver komplette l\u00f8sninger indenfor flytning, spedition (s\u00f8fragt og luftfragt) og logistik. Vi har opmagasinering\/lagerhotel.","potentialAction":[{"@type":"SearchAction","target":{"@type":"EntryPoint","urlTemplate":"https:\/\/usisaat.gl\/?s={search_term_string}"},"query-input":{"@type":"PropertyValueSpecification","valueRequired":true,"valueName":"search_term_string"}}],"inLanguage":"da-DK"}]}},"_links":{"self":[{"href":"https:\/\/usisaat.gl\/da\/wp-json\/wp\/v2\/pages\/516","targetHints":{"allow":["GET"]}}],"collection":[{"href":"https:\/\/usisaat.gl\/da\/wp-json\/wp\/v2\/pages"}],"about":[{"href":"https:\/\/usisaat.gl\/da\/wp-json\/wp\/v2\/types\/page"}],"author":[{"embeddable":true,"href":"https:\/\/usisaat.gl\/da\/wp-json\/wp\/v2\/users\/2"}],"replies":[{"embeddable":true,"href":"https:\/\/usisaat.gl\/da\/wp-json\/wp\/v2\/comments?post=516"}],"version-history":[{"count":16,"href":"https:\/\/usisaat.gl\/da\/wp-json\/wp\/v2\/pages\/516\/revisions"}],"predecessor-version":[{"id":1898,"href":"https:\/\/usisaat.gl\/da\/wp-json\/wp\/v2\/pages\/516\/revisions\/1898"}],"up":[{"embeddable":true,"href":"https:\/\/usisaat.gl\/da\/wp-json\/wp\/v2\/pages\/112"}],"wp:attachment":[{"href":"https:\/\/usisaat.gl\/da\/wp-json\/wp\/v2\/media?parent=516"}],"curies":[{"name":"wp","href":"https:\/\/api.w.org\/{rel}","templated":true}]}}