{"id":439,"date":"2019-09-13T10:44:05","date_gmt":"2019-09-13T10:44:05","guid":{"rendered":"https:\/\/maloutest.dk\/usisaat\/?page_id=439"},"modified":"2020-03-26T12:02:55","modified_gmt":"2020-03-26T12:02:55","slug":"nyheder","status":"publish","type":"page","link":"https:\/\/usisaat.gl\/da\/nyheder\/","title":{"rendered":"Nyheder"},"content":{"rendered":"<section class=\"wpb-content-wrapper\"><p>[vc_row css_animation=&#8221;&#8221; row_type=&#8221;row&#8221; use_row_as_full_screen_section=&#8221;no&#8221; type=&#8221;full_width&#8221; angled_section=&#8221;no&#8221; text_align=&#8221;left&#8221; background_image_as_pattern=&#8221;without_pattern&#8221; el_class=&#8221;padding90&#8243; z_index=&#8221;&#8221; css=&#8221;.vc_custom_1569581476807{padding-bottom: 50px !important;}&#8221;][vc_column][vc_column_text el_class=&#8221;with-space opdeler&#8221;]<\/p>\n<h2>Projekter og nyheder fra os<\/h2>\n<p>Hos Usisaat har vi en holdning til fremtiden. Derfor har vi brugt mange kr\u00e6fter p\u00e5 at udarbejde en 2020-plan, som der ligger store visioner bag. Planen tager udgangspunkt i vores kernekompetencer og har desuden vigtige v\u00e6rdier som menneske, milj\u00f8 og forskning i centrum.<\/p>\n<p>Vil du gerne vide mere om, hvad vi har i st\u00f8beskeen, og hvilke nye projekter vi arbejder p\u00e5? F\u00f8lg med her p\u00e5 siden og i vores l\u00f8bende opdateringer og nyheder.[\/vc_column_text][\/vc_column][\/vc_row]<\/p>\n<\/section>","protected":false},"excerpt":{"rendered":"<p>[vc_row css_animation=&#8221;&#8221; row_type=&#8221;row&#8221; use_row_as_full_screen_section=&#8221;no&#8221; type=&#8221;full_width&#8221; angled_section=&#8221;no&#8221; text_align=&#8221;left&#8221; background_image_as_pattern=&#8221;without_pattern&#8221; el_class=&#8221;padding90&#8243; z_index=&#8221;&#8221; css=&#8221;.vc_custom_1569581476807{padding-bottom: 50px !important;}&#8221;][vc_column][vc_column_text el_class=&#8221;with-space opdeler&#8221;] Projekter og nyheder fra os Hos Usisaat har vi en holdning til fremtiden. Derfor har&#8230;<\/p>\n","protected":false},"author":2,"featured_media":0,"parent":0,"menu_order":0,"comment_status":"closed","ping_status":"closed","template":"blog-large-image.php","meta":{"_acf_changed":false,"footnotes":""},"class_list":["post-439","page","type-page","status-publish","hentry"],"acf":[],"yoast_head":"<!-- This site is optimized with the Yoast SEO plugin v27.4 - https:\/\/yoast.com\/product\/yoast-seo-wordpress\/ -->\n<title>Nyheder - Usisaat<\/title>\n<meta name=\"robots\" content=\"index, follow, max-snippet:-1, max-image-preview:large, max-video-preview:-1\" \/>\n<link rel=\"canonical\" href=\"https:\/\/usisaat.gl\/nyheder\/\" \/>\n<meta property=\"og:locale\" content=\"da_DK\" \/>\n<meta property=\"og:type\" content=\"article\" \/>\n<meta property=\"og:title\" content=\"Nyheder - Usisaat\" \/>\n<meta property=\"og:description\" content=\"[vc_row css_animation=&#8221;&#8221; row_type=&#8221;row&#8221; use_row_as_full_screen_section=&#8221;no&#8221; type=&#8221;full_width&#8221; angled_section=&#8221;no&#8221; text_align=&#8221;left&#8221; background_image_as_pattern=&#8221;without_pattern&#8221; el_class=&#8221;padding90&#8243; z_index=&#8221;&#8221; css=&#8221;.vc_custom_1569581476807{padding-bottom: 50px !important;}&#8221;][vc_column][vc_column_text el_class=&#8221;with-space opdeler&#8221;] Projekter og nyheder fra os Hos Usisaat har vi en holdning til fremtiden. Derfor har...\" \/>\n<meta property=\"og:url\" content=\"https:\/\/usisaat.gl\/nyheder\/\" \/>\n<meta property=\"og:site_name\" content=\"Usisaat\" \/>\n<meta property=\"article:modified_time\" content=\"2020-03-26T12:02:55+00:00\" \/>\n<meta name=\"twitter:card\" content=\"summary_large_image\" \/>\n<meta name=\"twitter:label1\" content=\"Estimeret l\u00e6setid\" \/>\n\t<meta name=\"twitter:data1\" content=\"1 minut\" \/>\n<script type=\"application\/ld+json\" class=\"yoast-schema-graph\">{\"@context\":\"https:\\\/\\\/schema.org\",\"@graph\":[{\"@type\":\"WebPage\",\"@id\":\"https:\\\/\\\/usisaat.gl\\\/nyheder\\\/\",\"url\":\"https:\\\/\\\/usisaat.gl\\\/nyheder\\\/\",\"name\":\"Nyheder - Usisaat\",\"isPartOf\":{\"@id\":\"https:\\\/\\\/usisaat.gl\\\/#website\"},\"datePublished\":\"2019-09-13T10:44:05+00:00\",\"dateModified\":\"2020-03-26T12:02:55+00:00\",\"breadcrumb\":{\"@id\":\"https:\\\/\\\/usisaat.gl\\\/nyheder\\\/#breadcrumb\"},\"inLanguage\":\"da-DK\",\"potentialAction\":[{\"@type\":\"ReadAction\",\"target\":[\"https:\\\/\\\/usisaat.gl\\\/nyheder\\\/\"]}]},{\"@type\":\"BreadcrumbList\",\"@id\":\"https:\\\/\\\/usisaat.gl\\\/nyheder\\\/#breadcrumb\",\"itemListElement\":[{\"@type\":\"ListItem\",\"position\":1,\"name\":\"Hjem\",\"item\":\"https:\\\/\\\/usisaat.gl\\\/da\\\/\"},{\"@type\":\"ListItem\",\"position\":2,\"name\":\"Nyheder\"}]},{\"@type\":\"WebSite\",\"@id\":\"https:\\\/\\\/usisaat.gl\\\/#website\",\"url\":\"https:\\\/\\\/usisaat.gl\\\/\",\"name\":\"Usisaat\",\"description\":\"Vi laver komplette l\u00f8sninger indenfor flytning, spedition (s\u00f8fragt og luftfragt) og logistik. Vi har opmagasinering\\\/lagerhotel.\",\"potentialAction\":[{\"@type\":\"SearchAction\",\"target\":{\"@type\":\"EntryPoint\",\"urlTemplate\":\"https:\\\/\\\/usisaat.gl\\\/?s={search_term_string}\"},\"query-input\":{\"@type\":\"PropertyValueSpecification\",\"valueRequired\":true,\"valueName\":\"search_term_string\"}}],\"inLanguage\":\"da-DK\"}]}<\/script>\n<!-- \/ Yoast SEO plugin. -->","yoast_head_json":{"title":"Nyheder - Usisaat","robots":{"index":"index","follow":"follow","max-snippet":"max-snippet:-1","max-image-preview":"max-image-preview:large","max-video-preview":"max-video-preview:-1"},"canonical":"https:\/\/usisaat.gl\/nyheder\/","og_locale":"da_DK","og_type":"article","og_title":"Nyheder - Usisaat","og_description":"[vc_row css_animation=&#8221;&#8221; row_type=&#8221;row&#8221; use_row_as_full_screen_section=&#8221;no&#8221; type=&#8221;full_width&#8221; angled_section=&#8221;no&#8221; text_align=&#8221;left&#8221; background_image_as_pattern=&#8221;without_pattern&#8221; el_class=&#8221;padding90&#8243; z_index=&#8221;&#8221; css=&#8221;.vc_custom_1569581476807{padding-bottom: 50px !important;}&#8221;][vc_column][vc_column_text el_class=&#8221;with-space opdeler&#8221;] Projekter og nyheder fra os Hos Usisaat har vi en holdning til fremtiden. Derfor har...","og_url":"https:\/\/usisaat.gl\/nyheder\/","og_site_name":"Usisaat","article_modified_time":"2020-03-26T12:02:55+00:00","twitter_card":"summary_large_image","twitter_misc":{"Estimeret l\u00e6setid":"1 minut"},"schema":{"@context":"https:\/\/schema.org","@graph":[{"@type":"WebPage","@id":"https:\/\/usisaat.gl\/nyheder\/","url":"https:\/\/usisaat.gl\/nyheder\/","name":"Nyheder - Usisaat","isPartOf":{"@id":"https:\/\/usisaat.gl\/#website"},"datePublished":"2019-09-13T10:44:05+00:00","dateModified":"2020-03-26T12:02:55+00:00","breadcrumb":{"@id":"https:\/\/usisaat.gl\/nyheder\/#breadcrumb"},"inLanguage":"da-DK","potentialAction":[{"@type":"ReadAction","target":["https:\/\/usisaat.gl\/nyheder\/"]}]},{"@type":"BreadcrumbList","@id":"https:\/\/usisaat.gl\/nyheder\/#breadcrumb","itemListElement":[{"@type":"ListItem","position":1,"name":"Hjem","item":"https:\/\/usisaat.gl\/da\/"},{"@type":"ListItem","position":2,"name":"Nyheder"}]},{"@type":"WebSite","@id":"https:\/\/usisaat.gl\/#website","url":"https:\/\/usisaat.gl\/","name":"Usisaat","description":"Vi laver komplette l\u00f8sninger indenfor flytning, spedition (s\u00f8fragt og luftfragt) og logistik. Vi har opmagasinering\/lagerhotel.","potentialAction":[{"@type":"SearchAction","target":{"@type":"EntryPoint","urlTemplate":"https:\/\/usisaat.gl\/?s={search_term_string}"},"query-input":{"@type":"PropertyValueSpecification","valueRequired":true,"valueName":"search_term_string"}}],"inLanguage":"da-DK"}]}},"_links":{"self":[{"href":"https:\/\/usisaat.gl\/da\/wp-json\/wp\/v2\/pages\/439","targetHints":{"allow":["GET"]}}],"collection":[{"href":"https:\/\/usisaat.gl\/da\/wp-json\/wp\/v2\/pages"}],"about":[{"href":"https:\/\/usisaat.gl\/da\/wp-json\/wp\/v2\/types\/page"}],"author":[{"embeddable":true,"href":"https:\/\/usisaat.gl\/da\/wp-json\/wp\/v2\/users\/2"}],"replies":[{"embeddable":true,"href":"https:\/\/usisaat.gl\/da\/wp-json\/wp\/v2\/comments?post=439"}],"version-history":[{"count":5,"href":"https:\/\/usisaat.gl\/da\/wp-json\/wp\/v2\/pages\/439\/revisions"}],"predecessor-version":[{"id":1004,"href":"https:\/\/usisaat.gl\/da\/wp-json\/wp\/v2\/pages\/439\/revisions\/1004"}],"wp:attachment":[{"href":"https:\/\/usisaat.gl\/da\/wp-json\/wp\/v2\/media?parent=439"}],"curies":[{"name":"wp","href":"https:\/\/api.w.org\/{rel}","templated":true}]}}