{"id":380,"date":"2019-09-12T11:15:23","date_gmt":"2019-09-12T11:15:23","guid":{"rendered":"https:\/\/maloutest.dk\/usisaat\/?page_id=380"},"modified":"2023-02-02T13:35:38","modified_gmt":"2023-02-02T13:35:38","slug":"man-lastbiler","status":"publish","type":"page","link":"https:\/\/usisaat.gl\/da\/man-lastbiler\/","title":{"rendered":"lastbiler"},"content":{"rendered":"<section class=\"wpb-content-wrapper\"><p>[vc_row css_animation=&#8221;&#8221; row_type=&#8221;row&#8221; use_row_as_full_screen_section=&#8221;no&#8221; type=&#8221;full_width&#8221; angled_section=&#8221;no&#8221; text_align=&#8221;left&#8221; background_image_as_pattern=&#8221;without_pattern&#8221;][vc_column]<div class=\"subpage-header\"><div class=\"vc_row wpb_row section vc_row-fluid vc_inner  grid_section header-services\"><div class=\"section_inner clearfix\"><div class=\"section_inner_margin clearfix\"><div class=\"wpb_column vc_column_container vc_col-sm-6 vc_col-lg-2 vc_col-md-3 vc_col-xs-12\"><div class=\"vc_column-inner\"><div class=\"service-icon\"><a href=\"https:\/\/usisaat.gl\/auto-service\/biler\/\"><img loading=\"lazy\" decoding=\"async\" width=\"190\" height=\"190\" src=\"https:\/\/usisaat.gl\/wp-content\/uploads\/2019\/11\/car-ikon.png\" class=\"attachment-full size-full\" alt=\"\" srcset=\"https:\/\/usisaat.gl\/wp-content\/uploads\/2019\/11\/car-ikon.png 190w, https:\/\/usisaat.gl\/wp-content\/uploads\/2019\/11\/car-ikon-150x150.png 150w\" sizes=\"auto, (max-width: 190px) 100vw, 190px\" \/><b>Biler<\/b><\/a><\/div><\/div><\/div><div class=\"wpb_column vc_column_container vc_col-sm-6 vc_col-lg-2 vc_col-md-3 vc_col-xs-12\"><div class=\"vc_column-inner\"><div class=\"service-icon\"><a href=\"https:\/\/usisaat.gl\/auto-service\/man-lastbiler\/\"><img loading=\"lazy\" decoding=\"async\" width=\"190\" height=\"190\" src=\"https:\/\/usisaat.gl\/wp-content\/uploads\/2019\/11\/lastbil-ikon.png\" class=\"attachment-full size-full\" alt=\"\" srcset=\"https:\/\/usisaat.gl\/wp-content\/uploads\/2019\/11\/lastbil-ikon.png 190w, https:\/\/usisaat.gl\/wp-content\/uploads\/2019\/11\/lastbil-ikon-150x150.png 150w\" sizes=\"auto, (max-width: 190px) 100vw, 190px\" \/><b>MAN lastbiler &amp; Varevogne<\/b><\/a><\/div><\/div><\/div><\/div><\/div><\/div><\/div><\/div><\/div><\/div>[\/vc_column][\/vc_row][vc_row css_animation=&#8221;&#8221; row_type=&#8221;row&#8221; use_row_as_full_screen_section=&#8221;no&#8221; type=&#8221;grid&#8221; angled_section=&#8221;no&#8221; text_align=&#8221;left&#8221; background_image_as_pattern=&#8221;without_pattern&#8221; el_class=&#8221;padding90 space-between&#8221; z_index=&#8221;&#8221; css=&#8221;.vc_custom_1569580811410{padding-bottom: 0px !important;}&#8221;][vc_column width=&#8221;1\/2&#8243;][vc_column_text el_class=&#8221;with-space opdeler&#8221;]<\/p>\n<h2>Lastbiler<\/h2>\n<p>Er du p\u00e5 udkig efter en ny MAN lastbil eller varevogn til din virksomhed? S\u00e5 er du landet det helt rette sted.<\/p>\n<p>Hos Usisaat Auto Service er vi den f\u00f8rende specialist og forhandler p\u00e5 Gr\u00f8nland, n\u00e5r det kommer til lastbiler og varevogne af m\u00e6rket MAN. Vi har hjemme i Nuuk, hvor du med fordel kan k\u00f8re en tur omkring vores v\u00e6rksted for at se vores udvalg af MAN vogne. Vi besidder stor viden om MAN vogne, og vi kan tilbyde dig et bredt udvalg af b\u00e5de lastbiler og varevogne fra den anerkendte producent. Er du i tvivl om, hvilken vogn du skal v\u00e6lge, st\u00e5r vi klar til at r\u00e5dgive dig og hj\u00e6lpe dig med at finde den lastbil eller varevogn, som bedst matcher dine behov.[\/vc_column_text][vc_empty_space height=&#8221;20px&#8221;]<a  itemprop=\"url\" href=\"https:\/\/usisaat.gl\/kontakt\/\" target=\"_self\"  class=\"qbutton  default\" style=\"\">Kontakt os<\/a>[vc_empty_space height=&#8221;60px&#8221;][\/vc_column][vc_column width=&#8221;1\/2&#8243;][vc_single_image image=&#8221;1465&#8243; img_size=&#8221;large&#8221; alignment=&#8221;center&#8221; qode_css_animation=&#8221;&#8221;][\/vc_column][\/vc_row][vc_row css_animation=&#8221;&#8221; row_type=&#8221;row&#8221; use_row_as_full_screen_section=&#8221;no&#8221; type=&#8221;grid&#8221; angled_section=&#8221;no&#8221; text_align=&#8221;left&#8221; background_image_as_pattern=&#8221;without_pattern&#8221; el_class=&#8221;padding90 space-between swap-columns-on-mobile&#8221; z_index=&#8221;&#8221;][vc_column width=&#8221;1\/2&#8243;][vc_single_image image=&#8221;1499&#8243; img_size=&#8221;large&#8221; alignment=&#8221;center&#8221; qode_css_animation=&#8221;&#8221;][\/vc_column][vc_column width=&#8221;1\/2&#8243;][vc_column_text el_class=&#8221;with-space opdeler&#8221;]<\/p>\n<h2>MAN lastbiler<\/h2>\n<p>St\u00e5r du over for at skulle k\u00f8be en ny lastbil til din virksomhed, g\u00e6lder det om at v\u00e6lge en, der kan opfylde alle dine behov. Som forhandlere af MAN lastbiler er vi specialiseret i m\u00e6rket, og vi st\u00e5r klar til at r\u00e5dgive dig, s\u00e5 du kan f\u00e5 pr\u00e6cis den lastbil, der bedst egner sig til dine behov. Hvad enten du er p\u00e5 jagt efter en MAN lastbil til at arbejde p\u00e5 byggepladsen eller til distributionsk\u00f8rsel, finder du den rette lastbil hos os.<\/p>\n<p>https:\/\/www.truck.man.eu\/dk\/dk\/lastbiler\/modeloversigt\/modeloversigt.html[\/vc_column_text][vc_empty_space height=&#8221;60px&#8221;][\/vc_column][\/vc_row][vc_row css_animation=&#8221;&#8221; row_type=&#8221;row&#8221; use_row_as_full_screen_section=&#8221;no&#8221; type=&#8221;full_width&#8221; angled_section=&#8221;no&#8221; text_align=&#8221;left&#8221; background_image_as_pattern=&#8221;without_pattern&#8221; z_index=&#8221;&#8221; background_image=&#8221;90&#8243; el_class=&#8221;background-left&#8221; css=&#8221;.vc_custom_1573115828995{background-image: url(https:\/\/usisaat.gl\/wp-content\/uploads\/2019\/11\/arctic-bg.jpg?id=1404) !important;}&#8221;][vc_column offset=&#8221;vc_col-lg-6 vc_col-md-6 vc_col-xs-12&#8243;][\/vc_column][vc_column offset=&#8221;vc_col-lg-6 vc_col-md-6 vc_col-xs-12&#8243;][vc_row_inner row_type=&#8221;row&#8221; type=&#8221;full_width&#8221; text_align=&#8221;left&#8221; css_animation=&#8221;&#8221; el_class=&#8221;padding80 skew-gradient&#8221;][vc_column_inner offset=&#8221;vc_col-lg-offset-1 vc_col-lg-8 vc_col-md-offset-1 vc_col-md-10&#8243;][vc_column_text el_class=&#8221;with-space hvid&#8221;]<\/p>\n<h2>Vil du kontaktes?<\/h2>\n<p>[\/vc_column_text]<p class=\"wpcf7-contact-form-not-found\"><strong>Fejl:<\/strong> Kontaktformular ikke fundet.<\/p>[\/vc_column_inner][\/vc_row_inner][\/vc_column][\/vc_row][vc_row css_animation=&#8221;&#8221; row_type=&#8221;row&#8221; use_row_as_full_screen_section=&#8221;no&#8221; type=&#8221;grid&#8221; angled_section=&#8221;no&#8221; text_align=&#8221;left&#8221; background_image_as_pattern=&#8221;without_pattern&#8221; el_class=&#8221;padding90 space-between&#8221; z_index=&#8221;&#8221;][vc_column width=&#8221;1\/2&#8243;][vc_column_text el_class=&#8221;with-space opdeler&#8221;]<\/p>\n<h2>MAN varevogne<\/h2>\n<p>Overvejer du at investere i en varevogn, fordi din virksomhed har behov for at kunne k\u00f8re varek\u00f8rsel? S\u00e5 har vi med sikkerhed ogs\u00e5 den helt rigtige varevogn til dig. Som forhandler af MAN varevogne kan vi tilbyde dig et stort udvalg, og vi hj\u00e6lper dig gerne med at finde den helt rette varevogn til din virksomhed. Byggeplads, varek\u00f8rsel eller persontransport? Hos os kan du finde en MAN varevogn til alle form\u00e5l. <a href=\"https:\/\/www.van.man\/dk\/dk\/varebil.html\">Se vores udvalg af MAN varevogne her.<\/a>[\/vc_column_text][vc_empty_space height=&#8221;60px&#8221;][\/vc_column][vc_column width=&#8221;1\/2&#8243;][vc_single_image image=&#8221;1500&#8243; img_size=&#8221;large&#8221; alignment=&#8221;center&#8221; qode_css_animation=&#8221;&#8221;][\/vc_column][\/vc_row][vc_row css_animation=&#8221;&#8221; row_type=&#8221;row&#8221; use_row_as_full_screen_section=&#8221;no&#8221; type=&#8221;grid&#8221; angled_section=&#8221;no&#8221; text_align=&#8221;left&#8221; background_image_as_pattern=&#8221;without_pattern&#8221; el_class=&#8221;padding90 space-between swap-columns-on-mobile&#8221; z_index=&#8221;&#8221;][vc_column width=&#8221;1\/2&#8243;][vc_single_image image=&#8221;1465&#8243; img_size=&#8221;large&#8221; alignment=&#8221;center&#8221; qode_css_animation=&#8221;&#8221;][\/vc_column][vc_column width=&#8221;1\/2&#8243;][vc_column_text el_class=&#8221;with-space opdeler&#8221;]<\/p>\n<h2>Hvorfor v\u00e6lge en MAN lastbil eller varevogn?<\/h2>\n<p>Overvejer du at investere i en varevogn, fordi din virksomhed har behov for at kunne k\u00f8re varek\u00f8rsel? S\u00e5 har vi med sikkerhed ogs\u00e5 den helt rigtige varevogn til dig. Som forhandler af MAN varevogne kan vi tilbyde dig et stort udvalg, og vi hj\u00e6lper dig gerne med at finde den helt rette varevogn til din virksomhed. Byggeplads, varek\u00f8rsel eller persontransport? Hos os kan du finde en MAN varevogn til alle form\u00e5l. Se vores udvalg af MAN varevogne her.[\/vc_column_text][vc_empty_space height=&#8221;20px&#8221;]<a  itemprop=\"url\" href=\"https:\/\/usisaat.gl\/kontakt\/\" target=\"_self\"  class=\"qbutton  default\" style=\"\">Kontakt os<\/a>[vc_empty_space height=&#8221;60px&#8221;][\/vc_column][\/vc_row]<\/p>\n<\/section>","protected":false},"excerpt":{"rendered":"<p>[vc_row css_animation=&#8221;&#8221; row_type=&#8221;row&#8221; use_row_as_full_screen_section=&#8221;no&#8221; type=&#8221;full_width&#8221; angled_section=&#8221;no&#8221; text_align=&#8221;left&#8221; background_image_as_pattern=&#8221;without_pattern&#8221;][vc_column][\/vc_column][\/vc_row][vc_row css_animation=&#8221;&#8221; row_type=&#8221;row&#8221; use_row_as_full_screen_section=&#8221;no&#8221; type=&#8221;grid&#8221; angled_section=&#8221;no&#8221; text_align=&#8221;left&#8221; background_image_as_pattern=&#8221;without_pattern&#8221; el_class=&#8221;padding90 space-between&#8221; z_index=&#8221;&#8221; css=&#8221;.vc_custom_1569580811410{padding-bottom: 0px !important;}&#8221;][vc_column width=&#8221;1\/2&#8243;][vc_column_text el_class=&#8221;with-space opdeler&#8221;] Lastbiler Er du p\u00e5 udkig efter&#8230;<\/p>\n","protected":false},"author":2,"featured_media":0,"parent":0,"menu_order":0,"comment_status":"closed","ping_status":"closed","template":"full_width.php","meta":{"_acf_changed":false,"footnotes":""},"class_list":["post-380","page","type-page","status-publish","hentry"],"acf":[],"yoast_head":"<!-- This site is optimized with the Yoast SEO plugin v27.3 - https:\/\/yoast.com\/product\/yoast-seo-wordpress\/ -->\n<title>lastbiler - Usisaat<\/title>\n<meta name=\"robots\" content=\"index, follow, max-snippet:-1, max-image-preview:large, max-video-preview:-1\" \/>\n<link rel=\"canonical\" href=\"https:\/\/usisaat.gl\/auto-service__trashed\/man-lastbiler\/\" \/>\n<meta property=\"og:locale\" content=\"da_DK\" \/>\n<meta property=\"og:type\" content=\"article\" \/>\n<meta property=\"og:title\" content=\"lastbiler - Usisaat\" \/>\n<meta property=\"og:description\" content=\"[vc_row css_animation=&#8221;&#8221; row_type=&#8221;row&#8221; use_row_as_full_screen_section=&#8221;no&#8221; type=&#8221;full_width&#8221; angled_section=&#8221;no&#8221; text_align=&#8221;left&#8221; background_image_as_pattern=&#8221;without_pattern&#8221;][vc_column][\/vc_column][\/vc_row][vc_row css_animation=&#8221;&#8221; row_type=&#8221;row&#8221; use_row_as_full_screen_section=&#8221;no&#8221; type=&#8221;grid&#8221; angled_section=&#8221;no&#8221; text_align=&#8221;left&#8221; background_image_as_pattern=&#8221;without_pattern&#8221; el_class=&#8221;padding90 space-between&#8221; z_index=&#8221;&#8221; css=&#8221;.vc_custom_1569580811410{padding-bottom: 0px !important;}&#8221;][vc_column width=&#8221;1\/2&#8243;][vc_column_text el_class=&#8221;with-space opdeler&#8221;] Lastbiler Er du p\u00e5 udkig efter...\" \/>\n<meta property=\"og:url\" content=\"https:\/\/usisaat.gl\/auto-service__trashed\/man-lastbiler\/\" \/>\n<meta property=\"og:site_name\" content=\"Usisaat\" \/>\n<meta property=\"article:modified_time\" content=\"2023-02-02T13:35:38+00:00\" \/>\n<meta name=\"twitter:card\" content=\"summary_large_image\" \/>\n<meta name=\"twitter:label1\" content=\"Estimeret l\u00e6setid\" \/>\n\t<meta name=\"twitter:data1\" content=\"5 minutter\" \/>\n<script type=\"application\/ld+json\" class=\"yoast-schema-graph\">{\"@context\":\"https:\\\/\\\/schema.org\",\"@graph\":[{\"@type\":\"WebPage\",\"@id\":\"https:\\\/\\\/usisaat.gl\\\/auto-service__trashed\\\/man-lastbiler\\\/\",\"url\":\"https:\\\/\\\/usisaat.gl\\\/auto-service__trashed\\\/man-lastbiler\\\/\",\"name\":\"lastbiler - Usisaat\",\"isPartOf\":{\"@id\":\"https:\\\/\\\/usisaat.gl\\\/#website\"},\"datePublished\":\"2019-09-12T11:15:23+00:00\",\"dateModified\":\"2023-02-02T13:35:38+00:00\",\"breadcrumb\":{\"@id\":\"https:\\\/\\\/usisaat.gl\\\/auto-service__trashed\\\/man-lastbiler\\\/#breadcrumb\"},\"inLanguage\":\"da-DK\",\"potentialAction\":[{\"@type\":\"ReadAction\",\"target\":[\"https:\\\/\\\/usisaat.gl\\\/auto-service__trashed\\\/man-lastbiler\\\/\"]}]},{\"@type\":\"BreadcrumbList\",\"@id\":\"https:\\\/\\\/usisaat.gl\\\/auto-service__trashed\\\/man-lastbiler\\\/#breadcrumb\",\"itemListElement\":[{\"@type\":\"ListItem\",\"position\":1,\"name\":\"Hjem\",\"item\":\"https:\\\/\\\/usisaat.gl\\\/da\\\/\"},{\"@type\":\"ListItem\",\"position\":2,\"name\":\"lastbiler\"}]},{\"@type\":\"WebSite\",\"@id\":\"https:\\\/\\\/usisaat.gl\\\/#website\",\"url\":\"https:\\\/\\\/usisaat.gl\\\/\",\"name\":\"Usisaat\",\"description\":\"Vi laver komplette l\u00f8sninger indenfor flytning, spedition (s\u00f8fragt og luftfragt) og logistik. Vi har opmagasinering\\\/lagerhotel.\",\"potentialAction\":[{\"@type\":\"SearchAction\",\"target\":{\"@type\":\"EntryPoint\",\"urlTemplate\":\"https:\\\/\\\/usisaat.gl\\\/?s={search_term_string}\"},\"query-input\":{\"@type\":\"PropertyValueSpecification\",\"valueRequired\":true,\"valueName\":\"search_term_string\"}}],\"inLanguage\":\"da-DK\"}]}<\/script>\n<!-- \/ Yoast SEO plugin. -->","yoast_head_json":{"title":"lastbiler - Usisaat","robots":{"index":"index","follow":"follow","max-snippet":"max-snippet:-1","max-image-preview":"max-image-preview:large","max-video-preview":"max-video-preview:-1"},"canonical":"https:\/\/usisaat.gl\/auto-service__trashed\/man-lastbiler\/","og_locale":"da_DK","og_type":"article","og_title":"lastbiler - Usisaat","og_description":"[vc_row css_animation=&#8221;&#8221; row_type=&#8221;row&#8221; use_row_as_full_screen_section=&#8221;no&#8221; type=&#8221;full_width&#8221; angled_section=&#8221;no&#8221; text_align=&#8221;left&#8221; background_image_as_pattern=&#8221;without_pattern&#8221;][vc_column][\/vc_column][\/vc_row][vc_row css_animation=&#8221;&#8221; row_type=&#8221;row&#8221; use_row_as_full_screen_section=&#8221;no&#8221; type=&#8221;grid&#8221; angled_section=&#8221;no&#8221; text_align=&#8221;left&#8221; background_image_as_pattern=&#8221;without_pattern&#8221; el_class=&#8221;padding90 space-between&#8221; z_index=&#8221;&#8221; css=&#8221;.vc_custom_1569580811410{padding-bottom: 0px !important;}&#8221;][vc_column width=&#8221;1\/2&#8243;][vc_column_text el_class=&#8221;with-space opdeler&#8221;] Lastbiler Er du p\u00e5 udkig efter...","og_url":"https:\/\/usisaat.gl\/auto-service__trashed\/man-lastbiler\/","og_site_name":"Usisaat","article_modified_time":"2023-02-02T13:35:38+00:00","twitter_card":"summary_large_image","twitter_misc":{"Estimeret l\u00e6setid":"5 minutter"},"schema":{"@context":"https:\/\/schema.org","@graph":[{"@type":"WebPage","@id":"https:\/\/usisaat.gl\/auto-service__trashed\/man-lastbiler\/","url":"https:\/\/usisaat.gl\/auto-service__trashed\/man-lastbiler\/","name":"lastbiler - Usisaat","isPartOf":{"@id":"https:\/\/usisaat.gl\/#website"},"datePublished":"2019-09-12T11:15:23+00:00","dateModified":"2023-02-02T13:35:38+00:00","breadcrumb":{"@id":"https:\/\/usisaat.gl\/auto-service__trashed\/man-lastbiler\/#breadcrumb"},"inLanguage":"da-DK","potentialAction":[{"@type":"ReadAction","target":["https:\/\/usisaat.gl\/auto-service__trashed\/man-lastbiler\/"]}]},{"@type":"BreadcrumbList","@id":"https:\/\/usisaat.gl\/auto-service__trashed\/man-lastbiler\/#breadcrumb","itemListElement":[{"@type":"ListItem","position":1,"name":"Hjem","item":"https:\/\/usisaat.gl\/da\/"},{"@type":"ListItem","position":2,"name":"lastbiler"}]},{"@type":"WebSite","@id":"https:\/\/usisaat.gl\/#website","url":"https:\/\/usisaat.gl\/","name":"Usisaat","description":"Vi laver komplette l\u00f8sninger indenfor flytning, spedition (s\u00f8fragt og luftfragt) og logistik. Vi har opmagasinering\/lagerhotel.","potentialAction":[{"@type":"SearchAction","target":{"@type":"EntryPoint","urlTemplate":"https:\/\/usisaat.gl\/?s={search_term_string}"},"query-input":{"@type":"PropertyValueSpecification","valueRequired":true,"valueName":"search_term_string"}}],"inLanguage":"da-DK"}]}},"_links":{"self":[{"href":"https:\/\/usisaat.gl\/da\/wp-json\/wp\/v2\/pages\/380","targetHints":{"allow":["GET"]}}],"collection":[{"href":"https:\/\/usisaat.gl\/da\/wp-json\/wp\/v2\/pages"}],"about":[{"href":"https:\/\/usisaat.gl\/da\/wp-json\/wp\/v2\/types\/page"}],"author":[{"embeddable":true,"href":"https:\/\/usisaat.gl\/da\/wp-json\/wp\/v2\/users\/2"}],"replies":[{"embeddable":true,"href":"https:\/\/usisaat.gl\/da\/wp-json\/wp\/v2\/comments?post=380"}],"version-history":[{"count":20,"href":"https:\/\/usisaat.gl\/da\/wp-json\/wp\/v2\/pages\/380\/revisions"}],"predecessor-version":[{"id":1861,"href":"https:\/\/usisaat.gl\/da\/wp-json\/wp\/v2\/pages\/380\/revisions\/1861"}],"wp:attachment":[{"href":"https:\/\/usisaat.gl\/da\/wp-json\/wp\/v2\/media?parent=380"}],"curies":[{"name":"wp","href":"https:\/\/api.w.org\/{rel}","templated":true}]}}