{"id":247,"date":"2019-09-11T12:45:11","date_gmt":"2019-09-11T12:45:11","guid":{"rendered":"https:\/\/maloutest.dk\/usisaat\/?page_id=247"},"modified":"2025-07-18T16:54:39","modified_gmt":"2025-07-18T16:54:39","slug":"it-affald","status":"publish","type":"page","link":"https:\/\/usisaat.gl\/da\/flytteservice\/it-affald\/","title":{"rendered":"IT-affald"},"content":{"rendered":"<section class=\"wpb-content-wrapper\"><p>[vc_row css_animation=&#8221;&#8221; row_type=&#8221;row&#8221; use_row_as_full_screen_section=&#8221;no&#8221; type=&#8221;full_width&#8221; angled_section=&#8221;no&#8221; text_align=&#8221;left&#8221; background_image_as_pattern=&#8221;without_pattern&#8221;][vc_column]<div class=\"subpage-header\"><div class=\"vc_row wpb_row section vc_row-fluid vc_inner  grid_section header-services\"><div class=\"section_inner clearfix\"><div class=\"section_inner_margin clearfix\"><div class=\"wpb_column vc_column_container vc_col-sm-6 vc_col-lg-2 vc_col-md-3 vc_col-xs-12\"><div class=\"vc_column-inner\"><div class=\"service-icon\"><a href=\"https:\/\/usisaat.gl\/da\"><img loading=\"lazy\" decoding=\"async\" width=\"190\" height=\"190\" src=\"https:\/\/usisaat.gl\/wp-content\/uploads\/2019\/11\/bohaveflytninger-ikon-1.png\" class=\"attachment-full size-full\" alt=\"\" srcset=\"https:\/\/usisaat.gl\/wp-content\/uploads\/2019\/11\/bohaveflytninger-ikon-1.png 190w, https:\/\/usisaat.gl\/wp-content\/uploads\/2019\/11\/bohaveflytninger-ikon-1-150x150.png 150w\" sizes=\"auto, (max-width: 190px) 100vw, 190px\" \/><b>Bohaveflytninger<\/b><\/a><\/div><\/div><\/div><div class=\"wpb_column vc_column_container vc_col-sm-6 vc_col-lg-2 vc_col-md-3 vc_col-xs-12\"><div class=\"vc_column-inner\"><div class=\"service-icon\"><a href=\"https:\/\/usisaat.gl\/da\/flytteservice\/interne-flytninger\/\"><img loading=\"lazy\" decoding=\"async\" width=\"190\" height=\"190\" src=\"https:\/\/usisaat.gl\/wp-content\/uploads\/2019\/11\/interne-flytninger-ikon.png\" class=\"attachment-full size-full\" alt=\"\" srcset=\"https:\/\/usisaat.gl\/wp-content\/uploads\/2019\/11\/interne-flytninger-ikon.png 190w, https:\/\/usisaat.gl\/wp-content\/uploads\/2019\/11\/interne-flytninger-ikon-150x150.png 150w\" sizes=\"auto, (max-width: 190px) 100vw, 190px\" \/><b>Interne flytninger<\/b><\/a><\/div><\/div><\/div><div class=\"wpb_column vc_column_container vc_col-sm-6 vc_col-lg-2 vc_col-md-3 vc_col-xs-12\"><div class=\"vc_column-inner\"><div class=\"service-icon\"><a href=\"https:\/\/usisaat.gl\/da\/flytteservice\/kontorflytninger\/\"><img loading=\"lazy\" decoding=\"async\" width=\"190\" height=\"190\" src=\"https:\/\/usisaat.gl\/wp-content\/uploads\/2019\/11\/kontorflytninger-ikon.png\" class=\"attachment-full size-full\" alt=\"\" srcset=\"https:\/\/usisaat.gl\/wp-content\/uploads\/2019\/11\/kontorflytninger-ikon.png 190w, https:\/\/usisaat.gl\/wp-content\/uploads\/2019\/11\/kontorflytninger-ikon-150x150.png 150w\" sizes=\"auto, (max-width: 190px) 100vw, 190px\" \/><b>Kontorflytninger<\/b><\/a><\/div><\/div><\/div><div class=\"wpb_column vc_column_container vc_col-sm-6 vc_col-lg-2 vc_col-md-3 vc_col-xs-12\"><div class=\"vc_column-inner\"><div class=\"service-icon\"><a href=\"https:\/\/usisaat.gl\/da\/flytteservice\/specialflytninger\/\"><img loading=\"lazy\" decoding=\"async\" width=\"190\" height=\"190\" src=\"https:\/\/usisaat.gl\/wp-content\/uploads\/2019\/11\/specialflytninger-ikon.png\" class=\"attachment-full size-full\" alt=\"\" srcset=\"https:\/\/usisaat.gl\/wp-content\/uploads\/2019\/11\/specialflytninger-ikon.png 190w, https:\/\/usisaat.gl\/wp-content\/uploads\/2019\/11\/specialflytninger-ikon-150x150.png 150w\" sizes=\"auto, (max-width: 190px) 100vw, 190px\" \/><b>Specialflytninger<\/b><\/a><\/div><\/div><\/div><div class=\"wpb_column vc_column_container vc_col-sm-6 vc_col-lg-2 vc_col-md-3 vc_col-xs-12\"><div class=\"vc_column-inner\"><div class=\"service-icon\"><a href=\"https:\/\/usisaat.gl\/da\/flytteservice\/makulering\/\"><img loading=\"lazy\" decoding=\"async\" width=\"190\" height=\"190\" src=\"https:\/\/usisaat.gl\/wp-content\/uploads\/2019\/11\/makulering-ikon.png\" class=\"attachment-full size-full\" alt=\"\" srcset=\"https:\/\/usisaat.gl\/wp-content\/uploads\/2019\/11\/makulering-ikon.png 190w, https:\/\/usisaat.gl\/wp-content\/uploads\/2019\/11\/makulering-ikon-150x150.png 150w\" sizes=\"auto, (max-width: 190px) 100vw, 190px\" \/><b>Makulering<\/b><\/a><\/div><\/div><\/div><div class=\"wpb_column vc_column_container vc_col-sm-6 vc_col-lg-2 vc_col-md-3 vc_col-xs-12\"><div class=\"vc_column-inner\"><div class=\"service-icon\"><a href=\"https:\/\/usisaat.gl\/da\/flytteservice\/it-affald\/\"><img loading=\"lazy\" decoding=\"async\" width=\"190\" height=\"190\" src=\"https:\/\/usisaat.gl\/wp-content\/uploads\/2019\/11\/it-affald-ikon.png\" class=\"attachment-full size-full\" alt=\"\" srcset=\"https:\/\/usisaat.gl\/wp-content\/uploads\/2019\/11\/it-affald-ikon.png 190w, https:\/\/usisaat.gl\/wp-content\/uploads\/2019\/11\/it-affald-ikon-150x150.png 150w\" sizes=\"auto, (max-width: 190px) 100vw, 190px\" \/><b>It affald<\/b><\/a><\/div><\/div><\/div><\/div><\/div><\/div><\/div><\/div><\/div><\/div>[\/vc_column][\/vc_row][vc_row css_animation=&#8221;&#8221; row_type=&#8221;row&#8221; use_row_as_full_screen_section=&#8221;no&#8221; type=&#8221;grid&#8221; angled_section=&#8221;no&#8221; text_align=&#8221;left&#8221; background_image_as_pattern=&#8221;without_pattern&#8221; el_class=&#8221;padding90 space-between&#8221; z_index=&#8221;&#8221;][vc_column width=&#8221;1\/2&#8243;][vc_column_text el_class=&#8221;with-space opdeler&#8221;]<\/p>\n<h2>Afskaffelse af IT-affald<\/h2>\n<p>Har du noget IT-udstyr eller elektronisk affald, som du gerne vil skille dig af med p\u00e5 en nem m\u00e5de? Vores flytteservice indbefatter ogs\u00e5 fjernelse af IT-affald. Vi henter det udstyr, som du gerne vil af med, og skiller det ad p\u00e5 beh\u00f8rig vis. En nem m\u00e5de for dig at komme af med IT-affald som eksempelvis gamle kopimaskiner, computersk\u00e6rme, printere eller andre former for IT-udstyr.<\/p>\n<p>Har du nogle h\u00e5rde hvidevarer s\u00e5som et k\u00f8leskab, en fryser eller noget andet tungt, kan vi ogs\u00e5 hj\u00e6lpe dig med at f\u00e5 det k\u00f8rt v\u00e6k og skrottet. N\u00e5r affaldet er blevet hentet og skilt ad efter forskrifterne, s\u00f8rger vi for, at det bliver sendt til Danmark, s\u00e5 det kan blive behandlet p\u00e5 rette vis.[\/vc_column_text][vc_empty_space height=&#8221;20px&#8221;]<a  itemprop=\"url\" href=\"https:\/\/usisaat.gl\/kontakt\/\" target=\"_self\"  class=\"qbutton  default\" style=\"\">Kontakt os<\/a>[vc_empty_space height=&#8221;60px&#8221;][\/vc_column][vc_column width=&#8221;1\/2&#8243;][vc_gallery type=&#8221;image_grid&#8221; images=&#8221;1460,1462,1459,1458&#8243; img_size=&#8221;400&#215;320&#8243; column_number=&#8221;2&#8243; grayscale=&#8221;no&#8221; images_space=&#8221;gallery_with_space&#8221;][\/vc_column][\/vc_row]<\/p>\n<\/section>","protected":false},"excerpt":{"rendered":"<p>[vc_row css_animation=&#8221;&#8221; row_type=&#8221;row&#8221; use_row_as_full_screen_section=&#8221;no&#8221; type=&#8221;full_width&#8221; angled_section=&#8221;no&#8221; text_align=&#8221;left&#8221; background_image_as_pattern=&#8221;without_pattern&#8221;][vc_column][\/vc_column][\/vc_row][vc_row css_animation=&#8221;&#8221; row_type=&#8221;row&#8221; use_row_as_full_screen_section=&#8221;no&#8221; type=&#8221;grid&#8221; angled_section=&#8221;no&#8221; text_align=&#8221;left&#8221; background_image_as_pattern=&#8221;without_pattern&#8221; el_class=&#8221;padding90 space-between&#8221; z_index=&#8221;&#8221;][vc_column width=&#8221;1\/2&#8243;][vc_column_text el_class=&#8221;with-space opdeler&#8221;] Afskaffelse af IT-affald Har du noget IT-udstyr eller elektronisk&#8230;<\/p>\n","protected":false},"author":2,"featured_media":0,"parent":112,"menu_order":0,"comment_status":"closed","ping_status":"closed","template":"full_width.php","meta":{"_acf_changed":false,"footnotes":""},"class_list":["post-247","page","type-page","status-publish","hentry"],"acf":[],"yoast_head":"<!-- This site is optimized with the Yoast SEO plugin v27.4 - https:\/\/yoast.com\/product\/yoast-seo-wordpress\/ -->\n<title>IT-affald - Usisaat<\/title>\n<meta name=\"robots\" content=\"index, follow, max-snippet:-1, max-image-preview:large, max-video-preview:-1\" \/>\n<link rel=\"canonical\" href=\"https:\/\/usisaat.gl\/da\/flytteservice\/it-affald\/\" \/>\n<meta property=\"og:locale\" content=\"da_DK\" \/>\n<meta property=\"og:type\" content=\"article\" \/>\n<meta property=\"og:title\" content=\"IT-affald - Usisaat\" \/>\n<meta property=\"og:description\" content=\"[vc_row css_animation=&#8221;&#8221; row_type=&#8221;row&#8221; use_row_as_full_screen_section=&#8221;no&#8221; type=&#8221;full_width&#8221; angled_section=&#8221;no&#8221; text_align=&#8221;left&#8221; background_image_as_pattern=&#8221;without_pattern&#8221;][vc_column][\/vc_column][\/vc_row][vc_row css_animation=&#8221;&#8221; row_type=&#8221;row&#8221; use_row_as_full_screen_section=&#8221;no&#8221; type=&#8221;grid&#8221; angled_section=&#8221;no&#8221; text_align=&#8221;left&#8221; background_image_as_pattern=&#8221;without_pattern&#8221; el_class=&#8221;padding90 space-between&#8221; z_index=&#8221;&#8221;][vc_column width=&#8221;1\/2&#8243;][vc_column_text el_class=&#8221;with-space opdeler&#8221;] Afskaffelse af IT-affald Har du noget IT-udstyr eller elektronisk...\" \/>\n<meta property=\"og:url\" content=\"https:\/\/usisaat.gl\/da\/flytteservice\/it-affald\/\" \/>\n<meta property=\"og:site_name\" content=\"Usisaat\" \/>\n<meta property=\"article:modified_time\" content=\"2025-07-18T16:54:39+00:00\" \/>\n<meta name=\"twitter:card\" content=\"summary_large_image\" \/>\n<meta name=\"twitter:label1\" content=\"Estimeret l\u00e6setid\" \/>\n\t<meta name=\"twitter:data1\" content=\"3 minutter\" \/>\n<script type=\"application\/ld+json\" class=\"yoast-schema-graph\">{\"@context\":\"https:\\\/\\\/schema.org\",\"@graph\":[{\"@type\":\"WebPage\",\"@id\":\"https:\\\/\\\/usisaat.gl\\\/da\\\/flytteservice\\\/it-affald\\\/\",\"url\":\"https:\\\/\\\/usisaat.gl\\\/da\\\/flytteservice\\\/it-affald\\\/\",\"name\":\"IT-affald - Usisaat\",\"isPartOf\":{\"@id\":\"https:\\\/\\\/usisaat.gl\\\/#website\"},\"datePublished\":\"2019-09-11T12:45:11+00:00\",\"dateModified\":\"2025-07-18T16:54:39+00:00\",\"breadcrumb\":{\"@id\":\"https:\\\/\\\/usisaat.gl\\\/da\\\/flytteservice\\\/it-affald\\\/#breadcrumb\"},\"inLanguage\":\"da-DK\",\"potentialAction\":[{\"@type\":\"ReadAction\",\"target\":[\"https:\\\/\\\/usisaat.gl\\\/da\\\/flytteservice\\\/it-affald\\\/\"]}]},{\"@type\":\"BreadcrumbList\",\"@id\":\"https:\\\/\\\/usisaat.gl\\\/da\\\/flytteservice\\\/it-affald\\\/#breadcrumb\",\"itemListElement\":[{\"@type\":\"ListItem\",\"position\":1,\"name\":\"Hjem\",\"item\":\"https:\\\/\\\/usisaat.gl\\\/da\\\/\"},{\"@type\":\"ListItem\",\"position\":2,\"name\":\"Flytteservice\",\"item\":\"https:\\\/\\\/usisaat.gl\\\/da\\\/\"},{\"@type\":\"ListItem\",\"position\":3,\"name\":\"IT-affald\"}]},{\"@type\":\"WebSite\",\"@id\":\"https:\\\/\\\/usisaat.gl\\\/#website\",\"url\":\"https:\\\/\\\/usisaat.gl\\\/\",\"name\":\"Usisaat\",\"description\":\"Vi laver komplette l\u00f8sninger indenfor flytning, spedition (s\u00f8fragt og luftfragt) og logistik. Vi har opmagasinering\\\/lagerhotel.\",\"potentialAction\":[{\"@type\":\"SearchAction\",\"target\":{\"@type\":\"EntryPoint\",\"urlTemplate\":\"https:\\\/\\\/usisaat.gl\\\/?s={search_term_string}\"},\"query-input\":{\"@type\":\"PropertyValueSpecification\",\"valueRequired\":true,\"valueName\":\"search_term_string\"}}],\"inLanguage\":\"da-DK\"}]}<\/script>\n<!-- \/ Yoast SEO plugin. -->","yoast_head_json":{"title":"IT-affald - Usisaat","robots":{"index":"index","follow":"follow","max-snippet":"max-snippet:-1","max-image-preview":"max-image-preview:large","max-video-preview":"max-video-preview:-1"},"canonical":"https:\/\/usisaat.gl\/da\/flytteservice\/it-affald\/","og_locale":"da_DK","og_type":"article","og_title":"IT-affald - Usisaat","og_description":"[vc_row css_animation=&#8221;&#8221; row_type=&#8221;row&#8221; use_row_as_full_screen_section=&#8221;no&#8221; type=&#8221;full_width&#8221; angled_section=&#8221;no&#8221; text_align=&#8221;left&#8221; background_image_as_pattern=&#8221;without_pattern&#8221;][vc_column][\/vc_column][\/vc_row][vc_row css_animation=&#8221;&#8221; row_type=&#8221;row&#8221; use_row_as_full_screen_section=&#8221;no&#8221; type=&#8221;grid&#8221; angled_section=&#8221;no&#8221; text_align=&#8221;left&#8221; background_image_as_pattern=&#8221;without_pattern&#8221; el_class=&#8221;padding90 space-between&#8221; z_index=&#8221;&#8221;][vc_column width=&#8221;1\/2&#8243;][vc_column_text el_class=&#8221;with-space opdeler&#8221;] Afskaffelse af IT-affald Har du noget IT-udstyr eller elektronisk...","og_url":"https:\/\/usisaat.gl\/da\/flytteservice\/it-affald\/","og_site_name":"Usisaat","article_modified_time":"2025-07-18T16:54:39+00:00","twitter_card":"summary_large_image","twitter_misc":{"Estimeret l\u00e6setid":"3 minutter"},"schema":{"@context":"https:\/\/schema.org","@graph":[{"@type":"WebPage","@id":"https:\/\/usisaat.gl\/da\/flytteservice\/it-affald\/","url":"https:\/\/usisaat.gl\/da\/flytteservice\/it-affald\/","name":"IT-affald - Usisaat","isPartOf":{"@id":"https:\/\/usisaat.gl\/#website"},"datePublished":"2019-09-11T12:45:11+00:00","dateModified":"2025-07-18T16:54:39+00:00","breadcrumb":{"@id":"https:\/\/usisaat.gl\/da\/flytteservice\/it-affald\/#breadcrumb"},"inLanguage":"da-DK","potentialAction":[{"@type":"ReadAction","target":["https:\/\/usisaat.gl\/da\/flytteservice\/it-affald\/"]}]},{"@type":"BreadcrumbList","@id":"https:\/\/usisaat.gl\/da\/flytteservice\/it-affald\/#breadcrumb","itemListElement":[{"@type":"ListItem","position":1,"name":"Hjem","item":"https:\/\/usisaat.gl\/da\/"},{"@type":"ListItem","position":2,"name":"Flytteservice","item":"https:\/\/usisaat.gl\/da\/"},{"@type":"ListItem","position":3,"name":"IT-affald"}]},{"@type":"WebSite","@id":"https:\/\/usisaat.gl\/#website","url":"https:\/\/usisaat.gl\/","name":"Usisaat","description":"Vi laver komplette l\u00f8sninger indenfor flytning, spedition (s\u00f8fragt og luftfragt) og logistik. Vi har opmagasinering\/lagerhotel.","potentialAction":[{"@type":"SearchAction","target":{"@type":"EntryPoint","urlTemplate":"https:\/\/usisaat.gl\/?s={search_term_string}"},"query-input":{"@type":"PropertyValueSpecification","valueRequired":true,"valueName":"search_term_string"}}],"inLanguage":"da-DK"}]}},"_links":{"self":[{"href":"https:\/\/usisaat.gl\/da\/wp-json\/wp\/v2\/pages\/247","targetHints":{"allow":["GET"]}}],"collection":[{"href":"https:\/\/usisaat.gl\/da\/wp-json\/wp\/v2\/pages"}],"about":[{"href":"https:\/\/usisaat.gl\/da\/wp-json\/wp\/v2\/types\/page"}],"author":[{"embeddable":true,"href":"https:\/\/usisaat.gl\/da\/wp-json\/wp\/v2\/users\/2"}],"replies":[{"embeddable":true,"href":"https:\/\/usisaat.gl\/da\/wp-json\/wp\/v2\/comments?post=247"}],"version-history":[{"count":11,"href":"https:\/\/usisaat.gl\/da\/wp-json\/wp\/v2\/pages\/247\/revisions"}],"predecessor-version":[{"id":2363,"href":"https:\/\/usisaat.gl\/da\/wp-json\/wp\/v2\/pages\/247\/revisions\/2363"}],"up":[{"embeddable":true,"href":"https:\/\/usisaat.gl\/da\/wp-json\/wp\/v2\/pages\/112"}],"wp:attachment":[{"href":"https:\/\/usisaat.gl\/da\/wp-json\/wp\/v2\/media?parent=247"}],"curies":[{"name":"wp","href":"https:\/\/api.w.org\/{rel}","templated":true}]}}