{"id":195,"date":"2019-09-11T12:23:32","date_gmt":"2019-09-11T12:23:32","guid":{"rendered":"https:\/\/maloutest.dk\/usisaat\/?page_id=195"},"modified":"2025-07-29T18:01:33","modified_gmt":"2025-07-29T18:01:33","slug":"interne-flytninger","status":"publish","type":"page","link":"https:\/\/usisaat.gl\/da\/flytteservice\/interne-flytninger\/","title":{"rendered":"Interne flytninger"},"content":{"rendered":"<section class=\"wpb-content-wrapper\"><p>[vc_row css_animation=&#8221;&#8221; row_type=&#8221;row&#8221; use_row_as_full_screen_section=&#8221;no&#8221; type=&#8221;full_width&#8221; angled_section=&#8221;no&#8221; text_align=&#8221;left&#8221; background_image_as_pattern=&#8221;without_pattern&#8221;][vc_column]<div class=\"subpage-header\"><div class=\"vc_row wpb_row section vc_row-fluid vc_inner  grid_section header-services\"><div class=\"section_inner clearfix\"><div class=\"section_inner_margin clearfix\"><div class=\"wpb_column vc_column_container vc_col-sm-6 vc_col-lg-2 vc_col-md-3 vc_col-xs-12\"><div class=\"vc_column-inner\"><div class=\"service-icon\"><a href=\"https:\/\/usisaat.gl\/da\"><img loading=\"lazy\" decoding=\"async\" width=\"190\" height=\"190\" src=\"https:\/\/usisaat.gl\/wp-content\/uploads\/2019\/11\/bohaveflytninger-ikon-1.png\" class=\"attachment-full size-full\" alt=\"\" srcset=\"https:\/\/usisaat.gl\/wp-content\/uploads\/2019\/11\/bohaveflytninger-ikon-1.png 190w, https:\/\/usisaat.gl\/wp-content\/uploads\/2019\/11\/bohaveflytninger-ikon-1-150x150.png 150w\" sizes=\"auto, (max-width: 190px) 100vw, 190px\" \/><b>Bohaveflytninger<\/b><\/a><\/div><\/div><\/div><div class=\"wpb_column vc_column_container vc_col-sm-6 vc_col-lg-2 vc_col-md-3 vc_col-xs-12\"><div class=\"vc_column-inner\"><div class=\"service-icon\"><a href=\"https:\/\/usisaat.gl\/da\/flytteservice\/interne-flytninger\/\"><img loading=\"lazy\" decoding=\"async\" width=\"190\" height=\"190\" src=\"https:\/\/usisaat.gl\/wp-content\/uploads\/2019\/11\/interne-flytninger-ikon.png\" class=\"attachment-full size-full\" alt=\"\" srcset=\"https:\/\/usisaat.gl\/wp-content\/uploads\/2019\/11\/interne-flytninger-ikon.png 190w, https:\/\/usisaat.gl\/wp-content\/uploads\/2019\/11\/interne-flytninger-ikon-150x150.png 150w\" sizes=\"auto, (max-width: 190px) 100vw, 190px\" \/><b>Interne flytninger<\/b><\/a><\/div><\/div><\/div><div class=\"wpb_column vc_column_container vc_col-sm-6 vc_col-lg-2 vc_col-md-3 vc_col-xs-12\"><div class=\"vc_column-inner\"><div class=\"service-icon\"><a href=\"https:\/\/usisaat.gl\/da\/flytteservice\/kontorflytninger\/\"><img loading=\"lazy\" decoding=\"async\" width=\"190\" height=\"190\" src=\"https:\/\/usisaat.gl\/wp-content\/uploads\/2019\/11\/kontorflytninger-ikon.png\" class=\"attachment-full size-full\" alt=\"\" srcset=\"https:\/\/usisaat.gl\/wp-content\/uploads\/2019\/11\/kontorflytninger-ikon.png 190w, https:\/\/usisaat.gl\/wp-content\/uploads\/2019\/11\/kontorflytninger-ikon-150x150.png 150w\" sizes=\"auto, (max-width: 190px) 100vw, 190px\" \/><b>Kontorflytninger<\/b><\/a><\/div><\/div><\/div><div class=\"wpb_column vc_column_container vc_col-sm-6 vc_col-lg-2 vc_col-md-3 vc_col-xs-12\"><div class=\"vc_column-inner\"><div class=\"service-icon\"><a href=\"https:\/\/usisaat.gl\/da\/flytteservice\/specialflytninger\/\"><img loading=\"lazy\" decoding=\"async\" width=\"190\" height=\"190\" src=\"https:\/\/usisaat.gl\/wp-content\/uploads\/2019\/11\/specialflytninger-ikon.png\" class=\"attachment-full size-full\" alt=\"\" srcset=\"https:\/\/usisaat.gl\/wp-content\/uploads\/2019\/11\/specialflytninger-ikon.png 190w, https:\/\/usisaat.gl\/wp-content\/uploads\/2019\/11\/specialflytninger-ikon-150x150.png 150w\" sizes=\"auto, (max-width: 190px) 100vw, 190px\" \/><b>Specialflytninger<\/b><\/a><\/div><\/div><\/div><div class=\"wpb_column vc_column_container vc_col-sm-6 vc_col-lg-2 vc_col-md-3 vc_col-xs-12\"><div class=\"vc_column-inner\"><div class=\"service-icon\"><a href=\"https:\/\/usisaat.gl\/da\/flytteservice\/makulering\/\"><img loading=\"lazy\" decoding=\"async\" width=\"190\" height=\"190\" src=\"https:\/\/usisaat.gl\/wp-content\/uploads\/2019\/11\/makulering-ikon.png\" class=\"attachment-full size-full\" alt=\"\" srcset=\"https:\/\/usisaat.gl\/wp-content\/uploads\/2019\/11\/makulering-ikon.png 190w, https:\/\/usisaat.gl\/wp-content\/uploads\/2019\/11\/makulering-ikon-150x150.png 150w\" sizes=\"auto, (max-width: 190px) 100vw, 190px\" \/><b>Makulering<\/b><\/a><\/div><\/div><\/div><div class=\"wpb_column vc_column_container vc_col-sm-6 vc_col-lg-2 vc_col-md-3 vc_col-xs-12\"><div class=\"vc_column-inner\"><div class=\"service-icon\"><a href=\"https:\/\/usisaat.gl\/da\/flytteservice\/it-affald\/\"><img loading=\"lazy\" decoding=\"async\" width=\"190\" height=\"190\" src=\"https:\/\/usisaat.gl\/wp-content\/uploads\/2019\/11\/it-affald-ikon.png\" class=\"attachment-full size-full\" alt=\"\" srcset=\"https:\/\/usisaat.gl\/wp-content\/uploads\/2019\/11\/it-affald-ikon.png 190w, https:\/\/usisaat.gl\/wp-content\/uploads\/2019\/11\/it-affald-ikon-150x150.png 150w\" sizes=\"auto, (max-width: 190px) 100vw, 190px\" \/><b>It affald<\/b><\/a><\/div><\/div><\/div><\/div><\/div><\/div><\/div><\/div><\/div><\/div>[\/vc_column][\/vc_row][vc_row css_animation=&#8221;&#8221; row_type=&#8221;row&#8221; use_row_as_full_screen_section=&#8221;no&#8221; type=&#8221;grid&#8221; angled_section=&#8221;no&#8221; text_align=&#8221;left&#8221; background_image_as_pattern=&#8221;without_pattern&#8221; el_class=&#8221;padding90 space-between&#8221; z_index=&#8221;&#8221;][vc_column width=&#8221;1\/2&#8243;][vc_column_text el_class=&#8221;with-space opdeler&#8221;]<\/p>\n<h2>Interne flytninger \/ fra adresse til adresse<\/h2>\n<p>Vi p\u00e5tager os gerne rollen som din lokale flyttehj\u00e6lp, hvis du har brug for vores hj\u00e6lp. Vi udf\u00f8rer b\u00e5de sm\u00e5 som store opgaver inden for flytning, og vi agerer b\u00e5de p\u00e5 et lokalt og et internationalt plan. St\u00e5r du over for en flytning, tr\u00e6der vi gerne til og s\u00f8rger for, at dine ting kommer sikkert frem til den adresse, som du skal flytte til.<\/p>\n<p>Har du brug for opbevaring i forbindelse med en flytning, tilbyder vi ogs\u00e5 lagerhotel. Her kan du leje et opbevaringsrum i en opvarmet og tyverisikret hal, hvor du kan opbevare alle de ting, som du ikke selv har plads til at opbevare. Vi st\u00e5r gerne for at flytte tingene hen i dit lagerhotel rum og senere hen i din nye bolig.[\/vc_column_text][vc_empty_space height=&#8221;20px&#8221;]<a  itemprop=\"url\" href=\"https:\/\/rekvisition.usisaat.gl\/\" target=\"_blank\"  class=\"qbutton  default\" style=\"\">G\u00e5 til rekvisition<\/a>[vc_empty_space height=&#8221;60px&#8221;][\/vc_column][vc_column width=&#8221;1\/2&#8243;][vc_gallery type=&#8221;image_grid&#8221; images=&#8221;1463,1461,1460,1458&#8243; img_size=&#8221;400&#215;320&#8243; column_number=&#8221;2&#8243; grayscale=&#8221;no&#8221; images_space=&#8221;gallery_with_space&#8221;][\/vc_column][\/vc_row]<\/p>\n<\/section>","protected":false},"excerpt":{"rendered":"<p>[vc_row css_animation=&#8221;&#8221; row_type=&#8221;row&#8221; use_row_as_full_screen_section=&#8221;no&#8221; type=&#8221;full_width&#8221; angled_section=&#8221;no&#8221; text_align=&#8221;left&#8221; background_image_as_pattern=&#8221;without_pattern&#8221;][vc_column][\/vc_column][\/vc_row][vc_row css_animation=&#8221;&#8221; row_type=&#8221;row&#8221; use_row_as_full_screen_section=&#8221;no&#8221; type=&#8221;grid&#8221; angled_section=&#8221;no&#8221; text_align=&#8221;left&#8221; background_image_as_pattern=&#8221;without_pattern&#8221; el_class=&#8221;padding90 space-between&#8221; z_index=&#8221;&#8221;][vc_column width=&#8221;1\/2&#8243;][vc_column_text el_class=&#8221;with-space opdeler&#8221;] Interne flytninger \/ fra adresse til adresse Vi p\u00e5tager&#8230;<\/p>\n","protected":false},"author":2,"featured_media":0,"parent":112,"menu_order":0,"comment_status":"closed","ping_status":"closed","template":"full_width.php","meta":{"_acf_changed":false,"footnotes":""},"class_list":["post-195","page","type-page","status-publish","hentry"],"acf":[],"yoast_head":"<!-- This site is optimized with the Yoast SEO plugin v27.4 - https:\/\/yoast.com\/product\/yoast-seo-wordpress\/ -->\n<title>Interne flytninger - Usisaat<\/title>\n<meta name=\"robots\" content=\"index, follow, max-snippet:-1, max-image-preview:large, max-video-preview:-1\" \/>\n<link rel=\"canonical\" href=\"https:\/\/usisaat.gl\/da\/flytteservice\/interne-flytninger\/\" \/>\n<meta property=\"og:locale\" content=\"da_DK\" \/>\n<meta property=\"og:type\" content=\"article\" \/>\n<meta property=\"og:title\" content=\"Interne flytninger - Usisaat\" \/>\n<meta property=\"og:description\" content=\"[vc_row css_animation=&#8221;&#8221; row_type=&#8221;row&#8221; use_row_as_full_screen_section=&#8221;no&#8221; type=&#8221;full_width&#8221; angled_section=&#8221;no&#8221; text_align=&#8221;left&#8221; background_image_as_pattern=&#8221;without_pattern&#8221;][vc_column][\/vc_column][\/vc_row][vc_row css_animation=&#8221;&#8221; row_type=&#8221;row&#8221; use_row_as_full_screen_section=&#8221;no&#8221; type=&#8221;grid&#8221; angled_section=&#8221;no&#8221; text_align=&#8221;left&#8221; background_image_as_pattern=&#8221;without_pattern&#8221; el_class=&#8221;padding90 space-between&#8221; z_index=&#8221;&#8221;][vc_column width=&#8221;1\/2&#8243;][vc_column_text el_class=&#8221;with-space opdeler&#8221;] Interne flytninger \/ fra adresse til adresse Vi p\u00e5tager...\" \/>\n<meta property=\"og:url\" content=\"https:\/\/usisaat.gl\/da\/flytteservice\/interne-flytninger\/\" \/>\n<meta property=\"og:site_name\" content=\"Usisaat\" \/>\n<meta property=\"article:modified_time\" content=\"2025-07-29T18:01:33+00:00\" \/>\n<meta name=\"twitter:card\" content=\"summary_large_image\" \/>\n<meta name=\"twitter:label1\" content=\"Estimeret l\u00e6setid\" \/>\n\t<meta name=\"twitter:data1\" content=\"3 minutter\" \/>\n<script type=\"application\/ld+json\" class=\"yoast-schema-graph\">{\"@context\":\"https:\\\/\\\/schema.org\",\"@graph\":[{\"@type\":\"WebPage\",\"@id\":\"https:\\\/\\\/usisaat.gl\\\/da\\\/flytteservice\\\/interne-flytninger\\\/\",\"url\":\"https:\\\/\\\/usisaat.gl\\\/da\\\/flytteservice\\\/interne-flytninger\\\/\",\"name\":\"Interne flytninger - Usisaat\",\"isPartOf\":{\"@id\":\"https:\\\/\\\/usisaat.gl\\\/#website\"},\"datePublished\":\"2019-09-11T12:23:32+00:00\",\"dateModified\":\"2025-07-29T18:01:33+00:00\",\"breadcrumb\":{\"@id\":\"https:\\\/\\\/usisaat.gl\\\/da\\\/flytteservice\\\/interne-flytninger\\\/#breadcrumb\"},\"inLanguage\":\"da-DK\",\"potentialAction\":[{\"@type\":\"ReadAction\",\"target\":[\"https:\\\/\\\/usisaat.gl\\\/da\\\/flytteservice\\\/interne-flytninger\\\/\"]}]},{\"@type\":\"BreadcrumbList\",\"@id\":\"https:\\\/\\\/usisaat.gl\\\/da\\\/flytteservice\\\/interne-flytninger\\\/#breadcrumb\",\"itemListElement\":[{\"@type\":\"ListItem\",\"position\":1,\"name\":\"Hjem\",\"item\":\"https:\\\/\\\/usisaat.gl\\\/da\\\/\"},{\"@type\":\"ListItem\",\"position\":2,\"name\":\"Flytteservice\",\"item\":\"https:\\\/\\\/usisaat.gl\\\/da\\\/\"},{\"@type\":\"ListItem\",\"position\":3,\"name\":\"Interne flytninger\"}]},{\"@type\":\"WebSite\",\"@id\":\"https:\\\/\\\/usisaat.gl\\\/#website\",\"url\":\"https:\\\/\\\/usisaat.gl\\\/\",\"name\":\"Usisaat\",\"description\":\"Vi laver komplette l\u00f8sninger indenfor flytning, spedition (s\u00f8fragt og luftfragt) og logistik. Vi har opmagasinering\\\/lagerhotel.\",\"potentialAction\":[{\"@type\":\"SearchAction\",\"target\":{\"@type\":\"EntryPoint\",\"urlTemplate\":\"https:\\\/\\\/usisaat.gl\\\/?s={search_term_string}\"},\"query-input\":{\"@type\":\"PropertyValueSpecification\",\"valueRequired\":true,\"valueName\":\"search_term_string\"}}],\"inLanguage\":\"da-DK\"}]}<\/script>\n<!-- \/ Yoast SEO plugin. -->","yoast_head_json":{"title":"Interne flytninger - Usisaat","robots":{"index":"index","follow":"follow","max-snippet":"max-snippet:-1","max-image-preview":"max-image-preview:large","max-video-preview":"max-video-preview:-1"},"canonical":"https:\/\/usisaat.gl\/da\/flytteservice\/interne-flytninger\/","og_locale":"da_DK","og_type":"article","og_title":"Interne flytninger - Usisaat","og_description":"[vc_row css_animation=&#8221;&#8221; row_type=&#8221;row&#8221; use_row_as_full_screen_section=&#8221;no&#8221; type=&#8221;full_width&#8221; angled_section=&#8221;no&#8221; text_align=&#8221;left&#8221; background_image_as_pattern=&#8221;without_pattern&#8221;][vc_column][\/vc_column][\/vc_row][vc_row css_animation=&#8221;&#8221; row_type=&#8221;row&#8221; use_row_as_full_screen_section=&#8221;no&#8221; type=&#8221;grid&#8221; angled_section=&#8221;no&#8221; text_align=&#8221;left&#8221; background_image_as_pattern=&#8221;without_pattern&#8221; el_class=&#8221;padding90 space-between&#8221; z_index=&#8221;&#8221;][vc_column width=&#8221;1\/2&#8243;][vc_column_text el_class=&#8221;with-space opdeler&#8221;] Interne flytninger \/ fra adresse til adresse Vi p\u00e5tager...","og_url":"https:\/\/usisaat.gl\/da\/flytteservice\/interne-flytninger\/","og_site_name":"Usisaat","article_modified_time":"2025-07-29T18:01:33+00:00","twitter_card":"summary_large_image","twitter_misc":{"Estimeret l\u00e6setid":"3 minutter"},"schema":{"@context":"https:\/\/schema.org","@graph":[{"@type":"WebPage","@id":"https:\/\/usisaat.gl\/da\/flytteservice\/interne-flytninger\/","url":"https:\/\/usisaat.gl\/da\/flytteservice\/interne-flytninger\/","name":"Interne flytninger - Usisaat","isPartOf":{"@id":"https:\/\/usisaat.gl\/#website"},"datePublished":"2019-09-11T12:23:32+00:00","dateModified":"2025-07-29T18:01:33+00:00","breadcrumb":{"@id":"https:\/\/usisaat.gl\/da\/flytteservice\/interne-flytninger\/#breadcrumb"},"inLanguage":"da-DK","potentialAction":[{"@type":"ReadAction","target":["https:\/\/usisaat.gl\/da\/flytteservice\/interne-flytninger\/"]}]},{"@type":"BreadcrumbList","@id":"https:\/\/usisaat.gl\/da\/flytteservice\/interne-flytninger\/#breadcrumb","itemListElement":[{"@type":"ListItem","position":1,"name":"Hjem","item":"https:\/\/usisaat.gl\/da\/"},{"@type":"ListItem","position":2,"name":"Flytteservice","item":"https:\/\/usisaat.gl\/da\/"},{"@type":"ListItem","position":3,"name":"Interne flytninger"}]},{"@type":"WebSite","@id":"https:\/\/usisaat.gl\/#website","url":"https:\/\/usisaat.gl\/","name":"Usisaat","description":"Vi laver komplette l\u00f8sninger indenfor flytning, spedition (s\u00f8fragt og luftfragt) og logistik. Vi har opmagasinering\/lagerhotel.","potentialAction":[{"@type":"SearchAction","target":{"@type":"EntryPoint","urlTemplate":"https:\/\/usisaat.gl\/?s={search_term_string}"},"query-input":{"@type":"PropertyValueSpecification","valueRequired":true,"valueName":"search_term_string"}}],"inLanguage":"da-DK"}]}},"_links":{"self":[{"href":"https:\/\/usisaat.gl\/da\/wp-json\/wp\/v2\/pages\/195","targetHints":{"allow":["GET"]}}],"collection":[{"href":"https:\/\/usisaat.gl\/da\/wp-json\/wp\/v2\/pages"}],"about":[{"href":"https:\/\/usisaat.gl\/da\/wp-json\/wp\/v2\/types\/page"}],"author":[{"embeddable":true,"href":"https:\/\/usisaat.gl\/da\/wp-json\/wp\/v2\/users\/2"}],"replies":[{"embeddable":true,"href":"https:\/\/usisaat.gl\/da\/wp-json\/wp\/v2\/comments?post=195"}],"version-history":[{"count":24,"href":"https:\/\/usisaat.gl\/da\/wp-json\/wp\/v2\/pages\/195\/revisions"}],"predecessor-version":[{"id":2385,"href":"https:\/\/usisaat.gl\/da\/wp-json\/wp\/v2\/pages\/195\/revisions\/2385"}],"up":[{"embeddable":true,"href":"https:\/\/usisaat.gl\/da\/wp-json\/wp\/v2\/pages\/112"}],"wp:attachment":[{"href":"https:\/\/usisaat.gl\/da\/wp-json\/wp\/v2\/media?parent=195"}],"curies":[{"name":"wp","href":"https:\/\/api.w.org\/{rel}","templated":true}]}}