{"id":179,"date":"2019-09-11T12:05:03","date_gmt":"2019-09-11T12:05:03","guid":{"rendered":"https:\/\/maloutest.dk\/usisaat\/?page_id=179"},"modified":"2025-07-29T17:58:44","modified_gmt":"2025-07-29T17:58:44","slug":"bohaveflytninger","status":"publish","type":"page","link":"https:\/\/usisaat.gl\/da\/flytteservice\/bohaveflytninger\/","title":{"rendered":"Bohaveflytninger"},"content":{"rendered":"<section class=\"wpb-content-wrapper\"><p>[vc_row css_animation=&#8221;&#8221; row_type=&#8221;row&#8221; use_row_as_full_screen_section=&#8221;no&#8221; type=&#8221;full_width&#8221; angled_section=&#8221;no&#8221; text_align=&#8221;left&#8221; background_image_as_pattern=&#8221;without_pattern&#8221;][vc_column]<div class=\"subpage-header\"><div class=\"vc_row wpb_row section vc_row-fluid vc_inner  grid_section header-services\"><div class=\"section_inner clearfix\"><div class=\"section_inner_margin clearfix\"><div class=\"wpb_column vc_column_container vc_col-sm-6 vc_col-lg-2 vc_col-md-3 vc_col-xs-12\"><div class=\"vc_column-inner\"><div class=\"service-icon\"><a href=\"https:\/\/usisaat.gl\/da\"><img loading=\"lazy\" decoding=\"async\" width=\"190\" height=\"190\" src=\"https:\/\/usisaat.gl\/wp-content\/uploads\/2019\/11\/bohaveflytninger-ikon-1.png\" class=\"attachment-full size-full\" alt=\"\" srcset=\"https:\/\/usisaat.gl\/wp-content\/uploads\/2019\/11\/bohaveflytninger-ikon-1.png 190w, https:\/\/usisaat.gl\/wp-content\/uploads\/2019\/11\/bohaveflytninger-ikon-1-150x150.png 150w\" sizes=\"auto, (max-width: 190px) 100vw, 190px\" \/><b>Bohaveflytninger<\/b><\/a><\/div><\/div><\/div><div class=\"wpb_column vc_column_container vc_col-sm-6 vc_col-lg-2 vc_col-md-3 vc_col-xs-12\"><div class=\"vc_column-inner\"><div class=\"service-icon\"><a href=\"https:\/\/usisaat.gl\/da\/flytteservice\/interne-flytninger\/\"><img loading=\"lazy\" decoding=\"async\" width=\"190\" height=\"190\" src=\"https:\/\/usisaat.gl\/wp-content\/uploads\/2019\/11\/interne-flytninger-ikon.png\" class=\"attachment-full size-full\" alt=\"\" srcset=\"https:\/\/usisaat.gl\/wp-content\/uploads\/2019\/11\/interne-flytninger-ikon.png 190w, https:\/\/usisaat.gl\/wp-content\/uploads\/2019\/11\/interne-flytninger-ikon-150x150.png 150w\" sizes=\"auto, (max-width: 190px) 100vw, 190px\" \/><b>Interne flytninger<\/b><\/a><\/div><\/div><\/div><div class=\"wpb_column vc_column_container vc_col-sm-6 vc_col-lg-2 vc_col-md-3 vc_col-xs-12\"><div class=\"vc_column-inner\"><div class=\"service-icon\"><a href=\"https:\/\/usisaat.gl\/da\/flytteservice\/kontorflytninger\/\"><img loading=\"lazy\" decoding=\"async\" width=\"190\" height=\"190\" src=\"https:\/\/usisaat.gl\/wp-content\/uploads\/2019\/11\/kontorflytninger-ikon.png\" class=\"attachment-full size-full\" alt=\"\" srcset=\"https:\/\/usisaat.gl\/wp-content\/uploads\/2019\/11\/kontorflytninger-ikon.png 190w, https:\/\/usisaat.gl\/wp-content\/uploads\/2019\/11\/kontorflytninger-ikon-150x150.png 150w\" sizes=\"auto, (max-width: 190px) 100vw, 190px\" \/><b>Kontorflytninger<\/b><\/a><\/div><\/div><\/div><div class=\"wpb_column vc_column_container vc_col-sm-6 vc_col-lg-2 vc_col-md-3 vc_col-xs-12\"><div class=\"vc_column-inner\"><div class=\"service-icon\"><a href=\"https:\/\/usisaat.gl\/da\/flytteservice\/specialflytninger\/\"><img loading=\"lazy\" decoding=\"async\" width=\"190\" height=\"190\" src=\"https:\/\/usisaat.gl\/wp-content\/uploads\/2019\/11\/specialflytninger-ikon.png\" class=\"attachment-full size-full\" alt=\"\" srcset=\"https:\/\/usisaat.gl\/wp-content\/uploads\/2019\/11\/specialflytninger-ikon.png 190w, https:\/\/usisaat.gl\/wp-content\/uploads\/2019\/11\/specialflytninger-ikon-150x150.png 150w\" sizes=\"auto, (max-width: 190px) 100vw, 190px\" \/><b>Specialflytninger<\/b><\/a><\/div><\/div><\/div><div class=\"wpb_column vc_column_container vc_col-sm-6 vc_col-lg-2 vc_col-md-3 vc_col-xs-12\"><div class=\"vc_column-inner\"><div class=\"service-icon\"><a href=\"https:\/\/usisaat.gl\/da\/flytteservice\/makulering\/\"><img loading=\"lazy\" decoding=\"async\" width=\"190\" height=\"190\" src=\"https:\/\/usisaat.gl\/wp-content\/uploads\/2019\/11\/makulering-ikon.png\" class=\"attachment-full size-full\" alt=\"\" srcset=\"https:\/\/usisaat.gl\/wp-content\/uploads\/2019\/11\/makulering-ikon.png 190w, https:\/\/usisaat.gl\/wp-content\/uploads\/2019\/11\/makulering-ikon-150x150.png 150w\" sizes=\"auto, (max-width: 190px) 100vw, 190px\" \/><b>Makulering<\/b><\/a><\/div><\/div><\/div><div class=\"wpb_column vc_column_container vc_col-sm-6 vc_col-lg-2 vc_col-md-3 vc_col-xs-12\"><div class=\"vc_column-inner\"><div class=\"service-icon\"><a href=\"https:\/\/usisaat.gl\/da\/flytteservice\/it-affald\/\"><img loading=\"lazy\" decoding=\"async\" width=\"190\" height=\"190\" src=\"https:\/\/usisaat.gl\/wp-content\/uploads\/2019\/11\/it-affald-ikon.png\" class=\"attachment-full size-full\" alt=\"\" srcset=\"https:\/\/usisaat.gl\/wp-content\/uploads\/2019\/11\/it-affald-ikon.png 190w, https:\/\/usisaat.gl\/wp-content\/uploads\/2019\/11\/it-affald-ikon-150x150.png 150w\" sizes=\"auto, (max-width: 190px) 100vw, 190px\" \/><b>It affald<\/b><\/a><\/div><\/div><\/div><\/div><\/div><\/div><\/div><\/div><\/div><\/div>[\/vc_column][\/vc_row][vc_row css_animation=&#8221;&#8221; row_type=&#8221;row&#8221; use_row_as_full_screen_section=&#8221;no&#8221; type=&#8221;grid&#8221; angled_section=&#8221;no&#8221; text_align=&#8221;left&#8221; background_image_as_pattern=&#8221;without_pattern&#8221; el_class=&#8221;padding90 space-between&#8221; z_index=&#8221;&#8221;][vc_column width=&#8221;1\/2&#8243;][vc_column_text el_class=&#8221;with-space opdeler&#8221;]<\/p>\n<h2>Bohaveflytninger \/ fra by til by eller land til land<\/h2>\n<p>Hos Usisaat er vi stolte af, at vi har mere end 45 \u00e5rs erfaring som flyttefirma i Gr\u00f8nland. Det betyder ikke bare, at du kan v\u00e6re sikker p\u00e5, at vi ved, hvordan vi skal h\u00e5ndtere og flytte dine ting. Det betyder ogs\u00e5, at vi har oparbejdet et stort netv\u00e6rk af flyttefirmaer b\u00e5de i og uden for Gr\u00f8nland. Vi henvender os til alle, der skal have foretaget en bohaveflytning, hvad enten der er tale om privatpersoner, virksomheder eller offentlige institutioner.<\/p>\n<p>N\u00e5r det kommer til bohaveflytninger, skelner vi mellem to forskellige typer af flytninger:<\/p>\n<ul>\n<li>Bohaveflytning i alle byer i Gr\u00f8nland<\/li>\n<li>Bohaveflytning mellem Gr\u00f8nland og Danmark \/ udlandet<\/li>\n<\/ul>\n<p>[\/vc_column_text][vc_empty_space height=&#8221;30px&#8221;]<a  itemprop=\"url\" href=\"https:\/\/rekvisition.usisaat.gl\/\" target=\"_blank\"  class=\"qbutton  default\" style=\"\">G\u00e5 til rekvisition<\/a>[vc_empty_space height=&#8221;60px&#8221;][\/vc_column][vc_column width=&#8221;1\/2&#8243;][vc_gallery type=&#8221;image_grid&#8221; images=&#8221;1507,1504,1457,1453&#8243; img_size=&#8221;400&#215;320&#8243; column_number=&#8221;2&#8243; grayscale=&#8221;no&#8221; images_space=&#8221;gallery_with_space&#8221;][\/vc_column][\/vc_row]<\/p>\n<\/section>","protected":false},"excerpt":{"rendered":"<p>[vc_row css_animation=&#8221;&#8221; row_type=&#8221;row&#8221; use_row_as_full_screen_section=&#8221;no&#8221; type=&#8221;full_width&#8221; angled_section=&#8221;no&#8221; text_align=&#8221;left&#8221; background_image_as_pattern=&#8221;without_pattern&#8221;][vc_column][\/vc_column][\/vc_row][vc_row css_animation=&#8221;&#8221; row_type=&#8221;row&#8221; use_row_as_full_screen_section=&#8221;no&#8221; type=&#8221;grid&#8221; angled_section=&#8221;no&#8221; text_align=&#8221;left&#8221; background_image_as_pattern=&#8221;without_pattern&#8221; el_class=&#8221;padding90 space-between&#8221; z_index=&#8221;&#8221;][vc_column width=&#8221;1\/2&#8243;][vc_column_text el_class=&#8221;with-space opdeler&#8221;] Bohaveflytninger \/ fra by til by eller land til&#8230;<\/p>\n","protected":false},"author":2,"featured_media":0,"parent":112,"menu_order":0,"comment_status":"closed","ping_status":"closed","template":"full_width.php","meta":{"_acf_changed":false,"footnotes":""},"class_list":["post-179","page","type-page","status-publish","hentry"],"acf":[],"yoast_head":"<!-- This site is optimized with the Yoast SEO plugin v27.4 - https:\/\/yoast.com\/product\/yoast-seo-wordpress\/ -->\n<title>Bohaveflytninger - Usisaat<\/title>\n<meta name=\"robots\" content=\"index, follow, max-snippet:-1, max-image-preview:large, max-video-preview:-1\" \/>\n<link rel=\"canonical\" href=\"https:\/\/usisaat.gl\/da\/flytteservice\/bohaveflytninger\/\" \/>\n<meta property=\"og:locale\" content=\"da_DK\" \/>\n<meta property=\"og:type\" content=\"article\" \/>\n<meta property=\"og:title\" content=\"Bohaveflytninger - Usisaat\" \/>\n<meta property=\"og:description\" content=\"[vc_row css_animation=&#8221;&#8221; row_type=&#8221;row&#8221; use_row_as_full_screen_section=&#8221;no&#8221; type=&#8221;full_width&#8221; angled_section=&#8221;no&#8221; text_align=&#8221;left&#8221; background_image_as_pattern=&#8221;without_pattern&#8221;][vc_column][\/vc_column][\/vc_row][vc_row css_animation=&#8221;&#8221; row_type=&#8221;row&#8221; use_row_as_full_screen_section=&#8221;no&#8221; type=&#8221;grid&#8221; angled_section=&#8221;no&#8221; text_align=&#8221;left&#8221; background_image_as_pattern=&#8221;without_pattern&#8221; el_class=&#8221;padding90 space-between&#8221; z_index=&#8221;&#8221;][vc_column width=&#8221;1\/2&#8243;][vc_column_text el_class=&#8221;with-space opdeler&#8221;] Bohaveflytninger \/ fra by til by eller land til...\" \/>\n<meta property=\"og:url\" content=\"https:\/\/usisaat.gl\/da\/flytteservice\/bohaveflytninger\/\" \/>\n<meta property=\"og:site_name\" content=\"Usisaat\" \/>\n<meta property=\"article:modified_time\" content=\"2025-07-29T17:58:44+00:00\" \/>\n<meta name=\"twitter:card\" content=\"summary_large_image\" \/>\n<meta name=\"twitter:label1\" content=\"Estimeret l\u00e6setid\" \/>\n\t<meta name=\"twitter:data1\" content=\"1 minut\" \/>\n<script type=\"application\/ld+json\" class=\"yoast-schema-graph\">{\"@context\":\"https:\\\/\\\/schema.org\",\"@graph\":[{\"@type\":\"WebPage\",\"@id\":\"https:\\\/\\\/usisaat.gl\\\/da\\\/flytteservice\\\/bohaveflytninger\\\/\",\"url\":\"https:\\\/\\\/usisaat.gl\\\/da\\\/flytteservice\\\/bohaveflytninger\\\/\",\"name\":\"Bohaveflytninger - Usisaat\",\"isPartOf\":{\"@id\":\"https:\\\/\\\/usisaat.gl\\\/#website\"},\"datePublished\":\"2019-09-11T12:05:03+00:00\",\"dateModified\":\"2025-07-29T17:58:44+00:00\",\"breadcrumb\":{\"@id\":\"https:\\\/\\\/usisaat.gl\\\/da\\\/flytteservice\\\/bohaveflytninger\\\/#breadcrumb\"},\"inLanguage\":\"da-DK\",\"potentialAction\":[{\"@type\":\"ReadAction\",\"target\":[\"https:\\\/\\\/usisaat.gl\\\/da\\\/flytteservice\\\/bohaveflytninger\\\/\"]}]},{\"@type\":\"BreadcrumbList\",\"@id\":\"https:\\\/\\\/usisaat.gl\\\/da\\\/flytteservice\\\/bohaveflytninger\\\/#breadcrumb\",\"itemListElement\":[{\"@type\":\"ListItem\",\"position\":1,\"name\":\"Hjem\",\"item\":\"https:\\\/\\\/usisaat.gl\\\/da\\\/\"},{\"@type\":\"ListItem\",\"position\":2,\"name\":\"Flytteservice\",\"item\":\"https:\\\/\\\/usisaat.gl\\\/da\\\/\"},{\"@type\":\"ListItem\",\"position\":3,\"name\":\"Bohaveflytninger\"}]},{\"@type\":\"WebSite\",\"@id\":\"https:\\\/\\\/usisaat.gl\\\/#website\",\"url\":\"https:\\\/\\\/usisaat.gl\\\/\",\"name\":\"Usisaat\",\"description\":\"Vi laver komplette l\u00f8sninger indenfor flytning, spedition (s\u00f8fragt og luftfragt) og logistik. Vi har opmagasinering\\\/lagerhotel.\",\"potentialAction\":[{\"@type\":\"SearchAction\",\"target\":{\"@type\":\"EntryPoint\",\"urlTemplate\":\"https:\\\/\\\/usisaat.gl\\\/?s={search_term_string}\"},\"query-input\":{\"@type\":\"PropertyValueSpecification\",\"valueRequired\":true,\"valueName\":\"search_term_string\"}}],\"inLanguage\":\"da-DK\"}]}<\/script>\n<!-- \/ Yoast SEO plugin. -->","yoast_head_json":{"title":"Bohaveflytninger - Usisaat","robots":{"index":"index","follow":"follow","max-snippet":"max-snippet:-1","max-image-preview":"max-image-preview:large","max-video-preview":"max-video-preview:-1"},"canonical":"https:\/\/usisaat.gl\/da\/flytteservice\/bohaveflytninger\/","og_locale":"da_DK","og_type":"article","og_title":"Bohaveflytninger - Usisaat","og_description":"[vc_row css_animation=&#8221;&#8221; row_type=&#8221;row&#8221; use_row_as_full_screen_section=&#8221;no&#8221; type=&#8221;full_width&#8221; angled_section=&#8221;no&#8221; text_align=&#8221;left&#8221; background_image_as_pattern=&#8221;without_pattern&#8221;][vc_column][\/vc_column][\/vc_row][vc_row css_animation=&#8221;&#8221; row_type=&#8221;row&#8221; use_row_as_full_screen_section=&#8221;no&#8221; type=&#8221;grid&#8221; angled_section=&#8221;no&#8221; text_align=&#8221;left&#8221; background_image_as_pattern=&#8221;without_pattern&#8221; el_class=&#8221;padding90 space-between&#8221; z_index=&#8221;&#8221;][vc_column width=&#8221;1\/2&#8243;][vc_column_text el_class=&#8221;with-space opdeler&#8221;] Bohaveflytninger \/ fra by til by eller land til...","og_url":"https:\/\/usisaat.gl\/da\/flytteservice\/bohaveflytninger\/","og_site_name":"Usisaat","article_modified_time":"2025-07-29T17:58:44+00:00","twitter_card":"summary_large_image","twitter_misc":{"Estimeret l\u00e6setid":"1 minut"},"schema":{"@context":"https:\/\/schema.org","@graph":[{"@type":"WebPage","@id":"https:\/\/usisaat.gl\/da\/flytteservice\/bohaveflytninger\/","url":"https:\/\/usisaat.gl\/da\/flytteservice\/bohaveflytninger\/","name":"Bohaveflytninger - Usisaat","isPartOf":{"@id":"https:\/\/usisaat.gl\/#website"},"datePublished":"2019-09-11T12:05:03+00:00","dateModified":"2025-07-29T17:58:44+00:00","breadcrumb":{"@id":"https:\/\/usisaat.gl\/da\/flytteservice\/bohaveflytninger\/#breadcrumb"},"inLanguage":"da-DK","potentialAction":[{"@type":"ReadAction","target":["https:\/\/usisaat.gl\/da\/flytteservice\/bohaveflytninger\/"]}]},{"@type":"BreadcrumbList","@id":"https:\/\/usisaat.gl\/da\/flytteservice\/bohaveflytninger\/#breadcrumb","itemListElement":[{"@type":"ListItem","position":1,"name":"Hjem","item":"https:\/\/usisaat.gl\/da\/"},{"@type":"ListItem","position":2,"name":"Flytteservice","item":"https:\/\/usisaat.gl\/da\/"},{"@type":"ListItem","position":3,"name":"Bohaveflytninger"}]},{"@type":"WebSite","@id":"https:\/\/usisaat.gl\/#website","url":"https:\/\/usisaat.gl\/","name":"Usisaat","description":"Vi laver komplette l\u00f8sninger indenfor flytning, spedition (s\u00f8fragt og luftfragt) og logistik. Vi har opmagasinering\/lagerhotel.","potentialAction":[{"@type":"SearchAction","target":{"@type":"EntryPoint","urlTemplate":"https:\/\/usisaat.gl\/?s={search_term_string}"},"query-input":{"@type":"PropertyValueSpecification","valueRequired":true,"valueName":"search_term_string"}}],"inLanguage":"da-DK"}]}},"_links":{"self":[{"href":"https:\/\/usisaat.gl\/da\/wp-json\/wp\/v2\/pages\/179","targetHints":{"allow":["GET"]}}],"collection":[{"href":"https:\/\/usisaat.gl\/da\/wp-json\/wp\/v2\/pages"}],"about":[{"href":"https:\/\/usisaat.gl\/da\/wp-json\/wp\/v2\/types\/page"}],"author":[{"embeddable":true,"href":"https:\/\/usisaat.gl\/da\/wp-json\/wp\/v2\/users\/2"}],"replies":[{"embeddable":true,"href":"https:\/\/usisaat.gl\/da\/wp-json\/wp\/v2\/comments?post=179"}],"version-history":[{"count":38,"href":"https:\/\/usisaat.gl\/da\/wp-json\/wp\/v2\/pages\/179\/revisions"}],"predecessor-version":[{"id":2380,"href":"https:\/\/usisaat.gl\/da\/wp-json\/wp\/v2\/pages\/179\/revisions\/2380"}],"up":[{"embeddable":true,"href":"https:\/\/usisaat.gl\/da\/wp-json\/wp\/v2\/pages\/112"}],"wp:attachment":[{"href":"https:\/\/usisaat.gl\/da\/wp-json\/wp\/v2\/media?parent=179"}],"curies":[{"name":"wp","href":"https:\/\/api.w.org\/{rel}","templated":true}]}}