{"id":1367,"date":"2019-11-06T20:00:52","date_gmt":"2019-11-06T20:00:52","guid":{"rendered":"https:\/\/usisaat.gl\/?page_id=1367"},"modified":"2019-11-07T07:08:10","modified_gmt":"2019-11-07T07:08:10","slug":"flytteservice-old","status":"publish","type":"page","link":"https:\/\/usisaat.gl\/da\/flytteservice-old\/","title":{"rendered":"Flytteservice"},"content":{"rendered":"<section class=\"wpb-content-wrapper\"><p>[vc_row css_animation=&#8221;&#8221; row_type=&#8221;row&#8221; use_row_as_full_screen_section=&#8221;no&#8221; type=&#8221;full_width&#8221; angled_section=&#8221;no&#8221; text_align=&#8221;left&#8221; background_image_as_pattern=&#8221;without_pattern&#8221;][vc_column]<div class=\"subpage-header\"><div class=\"vc_row wpb_row section vc_row-fluid vc_inner  grid_section header-services\"><div class=\"section_inner clearfix\"><div class=\"section_inner_margin clearfix\"><div class=\"wpb_column vc_column_container vc_col-sm-6 vc_col-lg-2 vc_col-md-3 vc_col-xs-12\"><div class=\"vc_column-inner\"><div class=\"service-icon\"><a href=\"https:\/\/usisaat.gl\/flytteservice\/bohaveflytninger\/\"><b>Bohaveflytninger<\/b><\/a><\/div><\/div><\/div><div class=\"wpb_column vc_column_container vc_col-sm-6 vc_col-lg-2 vc_col-md-3 vc_col-xs-12\"><div class=\"vc_column-inner\"><div class=\"service-icon\"><a href=\"https:\/\/usisaat.gl\/flytteservice\/interne-flytninger\/\"><b>Interne flytninger<\/b><\/a><\/div><\/div><\/div><div class=\"wpb_column vc_column_container vc_col-sm-6 vc_col-lg-2 vc_col-md-3 vc_col-xs-12\"><div class=\"vc_column-inner\"><div class=\"service-icon\"><a href=\"https:\/\/usisaat.gl\/flytteservice\/kontorflytninger\/\"><b>Kontorflytninger<\/b><\/a><\/div><\/div><\/div><div class=\"wpb_column vc_column_container vc_col-sm-6 vc_col-lg-2 vc_col-md-3 vc_col-xs-12\"><div class=\"vc_column-inner\"><div class=\"service-icon\"><a href=\"https:\/\/usisaat.gl\/flytteservice\/specialflytninger\/\"><b>Specialflytninger<\/b><\/a><\/div><\/div><\/div><div class=\"wpb_column vc_column_container vc_col-sm-6 vc_col-lg-2 vc_col-md-3 vc_col-xs-12\"><div class=\"vc_column-inner\"><div class=\"service-icon\"><a href=\"https:\/\/usisaat.gl\/flytteservice\/makulering\/\"><b>Makulering<\/b><\/a><\/div><\/div><\/div><div class=\"wpb_column vc_column_container vc_col-sm-6 vc_col-lg-2 vc_col-md-3 vc_col-xs-12\"><div class=\"vc_column-inner\"><div class=\"service-icon\"><a href=\"https:\/\/usisaat.gl\/flytteservice\/it-affald\/\"><b>It affald<\/b><\/a><\/div><\/div><\/div><\/div><\/div><\/div><\/div><\/div><\/div><\/div>[\/vc_column][\/vc_row][vc_row css_animation=&#8221;&#8221; row_type=&#8221;row&#8221; use_row_as_full_screen_section=&#8221;no&#8221; type=&#8221;grid&#8221; angled_section=&#8221;no&#8221; text_align=&#8221;left&#8221; background_image_as_pattern=&#8221;without_pattern&#8221; el_class=&#8221;padding90 space-between&#8221; z_index=&#8221;&#8221;][vc_column width=&#8221;1\/2&#8243;][vc_column_text el_class=&#8221;with-space opdeler&#8221;]<\/p>\n<h2>Om Usisaat Flytteservice<\/h2>\n<p>Hos Usisaat tilbyder vi flytteservice. Det g\u00e6lder b\u00e5de, hvad enten du skal flytte til Gr\u00f8nland fra et andet land, eller du skal flytte fra en adresse til en anden i Gr\u00f8nland. N\u00e5r du samarbejder med os, kan du drage fordel af, at vi s\u00f8rger for alle dele af flytteprocessen. Det betyder, at du kun beh\u00f8ver henvende dig \u00e9t sted. Det g\u00f8r det nemmere og mere overskueligt for dig at flytte.<\/p>\n<p>Vores flytteservice henvender sig til alle, og hvad enten du selv skal flytte, eller din virksomhed skal flytte, st\u00e5r vi klar til at hj\u00e6lpe dig med flytningen. Har du noget IT-affald eller andet fortroligt affald, kan vi ogs\u00e5 hj\u00e6lpe dig med det.[\/vc_column_text][vc_empty_space height=&#8221;20px&#8221;]<a  itemprop=\"url\" href=\"https:\/\/usisaat.gl\/flytterekvisition\/\" target=\"_blank\"  class=\"qbutton  default\" style=\"\">G\u00e5 til flytterekvisition<\/a>[vc_empty_space height=&#8221;60px&#8221;][\/vc_column][vc_column width=&#8221;1\/2&#8243; el_class=&#8221;contact-box&#8221;][vc_column_text el_class=&#8221;hvid&#8221;]<\/p>\n<h3>Skal vi hj\u00e6lpe dig med at flytte?<\/h3>\n<p>[\/vc_column_text][vc_empty_space height=&#8221;20px&#8221;]\n<div class=\"wpcf7 no-js\" id=\"wpcf7-f165-o1\" lang=\"da-DK\" dir=\"ltr\" data-wpcf7-id=\"165\">\n<div class=\"screen-reader-response\"><p role=\"status\" aria-live=\"polite\" aria-atomic=\"true\"><\/p> <ul><\/ul><\/div>\n<form action=\"\/da\/wp-json\/wp\/v2\/pages\/1367#wpcf7-f165-o1\" method=\"post\" class=\"wpcf7-form init cf7_custom_style_2\" aria-label=\"Kontaktformular\" novalidate=\"novalidate\" data-status=\"init\">\n<fieldset class=\"hidden-fields-container\"><input type=\"hidden\" name=\"_wpcf7\" value=\"165\" \/><input type=\"hidden\" name=\"_wpcf7_version\" value=\"6.1.5\" \/><input type=\"hidden\" name=\"_wpcf7_locale\" value=\"da_DK\" \/><input type=\"hidden\" name=\"_wpcf7_unit_tag\" value=\"wpcf7-f165-o1\" \/><input type=\"hidden\" name=\"_wpcf7_container_post\" value=\"0\" \/><input type=\"hidden\" name=\"_wpcf7_posted_data_hash\" value=\"\" \/>\n<\/fieldset>\n<div class=\"wpcf7-turnstile cf-turnstile\" data-sitekey=\"0x4AAAAAAB_tKw1hQLtAxEPR\" data-response-field-name=\"_wpcf7_turnstile_response\"><\/div>\n\n<div class=\"clearfix\">\n\t<div class=\"first-column\">\n\t\t<p><span class=\"wpcf7-form-control-wrap\" data-name=\"your-name\"><input size=\"40\" maxlength=\"400\" class=\"wpcf7-form-control wpcf7-text wpcf7-validates-as-required\" aria-required=\"true\" aria-invalid=\"false\" placeholder=\"Dit navn\" value=\"\" type=\"text\" name=\"your-name\" \/><\/span>\n\t\t<\/p>\n\t<\/div>\n\t<div class=\"second-column\">\n\t\t<p><span class=\"wpcf7-form-control-wrap\" data-name=\"your-phone\"><input size=\"40\" maxlength=\"400\" class=\"wpcf7-form-control wpcf7-tel wpcf7-validates-as-required wpcf7-text wpcf7-validates-as-tel\" aria-required=\"true\" aria-invalid=\"false\" placeholder=\"Dit telefonnummer\" value=\"\" type=\"tel\" name=\"your-phone\" \/><\/span>\n\t\t<\/p>\n\t<\/div>\n<\/div>\n<p><span class=\"wpcf7-form-control-wrap\" data-name=\"your-message\"><textarea cols=\"40\" rows=\"3\" maxlength=\"2000\" class=\"wpcf7-form-control wpcf7-textarea\" aria-invalid=\"false\" placeholder=\"Din besked\" name=\"your-message\"><\/textarea><\/span><br \/>\n<span id=\"wpcf7-69d27aade3748-wrapper\" class=\"wpcf7-form-control-wrap honeypot-886-wrap\" ><input type=\"hidden\" name=\"honeypot-886-time-start\" value=\"1775401645\"><input type=\"hidden\" name=\"honeypot-886-time-check\" value=\"4\"><input id=\"wpcf7-69d27aade3748-field\"  placeholder=\"name\"  class=\"wpcf7-form-control wpcf7-text\" type=\"text\" name=\"honeypot-886\" value=\"\" size=\"40\" tabindex=\"-1\" autocomplete=\"off\" \/><\/span><br \/>\n<input class=\"wpcf7-form-control wpcf7-submit has-spinner\" type=\"submit\" value=\"Kontakt mig\" \/>\n<\/p>\n<p><script>\ndocument.addEventListener( 'wpcf7mailsent', function( event ) {\n location = 'https:\/\/usisaat.gl\/tak\/';\n}, false );\n<\/script>\n<\/p><div class=\"wpcf7-response-output\" aria-hidden=\"true\"><\/div>\n<\/form>\n<\/div>\n[\/vc_column][\/vc_row][vc_row css_animation=&#8221;&#8221; row_type=&#8221;row&#8221; use_row_as_full_screen_section=&#8221;no&#8221; type=&#8221;grid&#8221; angled_section=&#8221;no&#8221; text_align=&#8221;left&#8221; background_image_as_pattern=&#8221;without_pattern&#8221; z_index=&#8221;&#8221;][vc_column][vc_separator type=&#8221;normal&#8221; color=&#8221;#dd3333&#8243; thickness=&#8221;1&#8243;][\/vc_column][\/vc_row][vc_row css_animation=&#8221;&#8221; row_type=&#8221;row&#8221; use_row_as_full_screen_section=&#8221;no&#8221; type=&#8221;grid&#8221; angled_section=&#8221;no&#8221; text_align=&#8221;left&#8221; background_image_as_pattern=&#8221;without_pattern&#8221; el_class=&#8221;padding90&#8243; z_index=&#8221;&#8221; css=&#8221;.vc_custom_1566218069685{padding-top: 50px !important;}&#8221;][vc_column][vc_gallery type=&#8221;image_grid&#8221; images=&#8221;332,336,337,334,957&#8243; img_size=&#8221;400&#215;400&#8243; column_number=&#8221;5&#8243; grayscale=&#8221;no&#8221; images_space=&#8221;gallery_with_space&#8221;][\/vc_column][\/vc_row]<\/p>\n<\/section>","protected":false},"excerpt":{"rendered":"<p>[vc_row css_animation=&#8221;&#8221; row_type=&#8221;row&#8221; use_row_as_full_screen_section=&#8221;no&#8221; type=&#8221;full_width&#8221; angled_section=&#8221;no&#8221; text_align=&#8221;left&#8221; background_image_as_pattern=&#8221;without_pattern&#8221;][vc_column][\/vc_column][\/vc_row][vc_row css_animation=&#8221;&#8221; row_type=&#8221;row&#8221; use_row_as_full_screen_section=&#8221;no&#8221; type=&#8221;grid&#8221; angled_section=&#8221;no&#8221; text_align=&#8221;left&#8221; background_image_as_pattern=&#8221;without_pattern&#8221; el_class=&#8221;padding90 space-between&#8221; z_index=&#8221;&#8221;][vc_column width=&#8221;1\/2&#8243;][vc_column_text el_class=&#8221;with-space opdeler&#8221;] Om Usisaat Flytteservice Hos Usisaat tilbyder vi flytteservice. Det&#8230;<\/p>\n","protected":false},"author":2,"featured_media":0,"parent":0,"menu_order":0,"comment_status":"closed","ping_status":"closed","template":"full_width.php","meta":{"_acf_changed":false,"footnotes":""},"class_list":["post-1367","page","type-page","status-publish","hentry"],"acf":[],"yoast_head":"<!-- This site is optimized with the Yoast SEO plugin v27.3 - https:\/\/yoast.com\/product\/yoast-seo-wordpress\/ -->\n<title>Flytteservice - Usisaat<\/title>\n<meta name=\"robots\" content=\"index, follow, max-snippet:-1, max-image-preview:large, max-video-preview:-1\" \/>\n<link rel=\"canonical\" href=\"https:\/\/usisaat.gl\/flytteservice-old\/\" \/>\n<meta property=\"og:locale\" content=\"da_DK\" \/>\n<meta property=\"og:type\" content=\"article\" \/>\n<meta property=\"og:title\" content=\"Flytteservice - Usisaat\" \/>\n<meta property=\"og:description\" content=\"[vc_row css_animation=&#8221;&#8221; row_type=&#8221;row&#8221; use_row_as_full_screen_section=&#8221;no&#8221; type=&#8221;full_width&#8221; angled_section=&#8221;no&#8221; text_align=&#8221;left&#8221; background_image_as_pattern=&#8221;without_pattern&#8221;][vc_column][\/vc_column][\/vc_row][vc_row css_animation=&#8221;&#8221; row_type=&#8221;row&#8221; use_row_as_full_screen_section=&#8221;no&#8221; type=&#8221;grid&#8221; angled_section=&#8221;no&#8221; text_align=&#8221;left&#8221; background_image_as_pattern=&#8221;without_pattern&#8221; el_class=&#8221;padding90 space-between&#8221; z_index=&#8221;&#8221;][vc_column width=&#8221;1\/2&#8243;][vc_column_text el_class=&#8221;with-space opdeler&#8221;] Om Usisaat Flytteservice Hos Usisaat tilbyder vi flytteservice. Det...\" \/>\n<meta property=\"og:url\" content=\"https:\/\/usisaat.gl\/flytteservice-old\/\" \/>\n<meta property=\"og:site_name\" content=\"Usisaat\" \/>\n<meta property=\"article:modified_time\" content=\"2019-11-07T07:08:10+00:00\" \/>\n<meta name=\"twitter:card\" content=\"summary_large_image\" \/>\n<meta name=\"twitter:label1\" content=\"Estimeret l\u00e6setid\" \/>\n\t<meta name=\"twitter:data1\" content=\"2 minutter\" \/>\n<script type=\"application\/ld+json\" class=\"yoast-schema-graph\">{\"@context\":\"https:\\\/\\\/schema.org\",\"@graph\":[{\"@type\":\"WebPage\",\"@id\":\"https:\\\/\\\/usisaat.gl\\\/flytteservice-old\\\/\",\"url\":\"https:\\\/\\\/usisaat.gl\\\/flytteservice-old\\\/\",\"name\":\"Flytteservice - Usisaat\",\"isPartOf\":{\"@id\":\"https:\\\/\\\/usisaat.gl\\\/#website\"},\"datePublished\":\"2019-11-06T20:00:52+00:00\",\"dateModified\":\"2019-11-07T07:08:10+00:00\",\"breadcrumb\":{\"@id\":\"https:\\\/\\\/usisaat.gl\\\/flytteservice-old\\\/#breadcrumb\"},\"inLanguage\":\"da-DK\",\"potentialAction\":[{\"@type\":\"ReadAction\",\"target\":[\"https:\\\/\\\/usisaat.gl\\\/flytteservice-old\\\/\"]}]},{\"@type\":\"BreadcrumbList\",\"@id\":\"https:\\\/\\\/usisaat.gl\\\/flytteservice-old\\\/#breadcrumb\",\"itemListElement\":[{\"@type\":\"ListItem\",\"position\":1,\"name\":\"Hjem\",\"item\":\"https:\\\/\\\/usisaat.gl\\\/da\\\/\"},{\"@type\":\"ListItem\",\"position\":2,\"name\":\"Flytteservice\"}]},{\"@type\":\"WebSite\",\"@id\":\"https:\\\/\\\/usisaat.gl\\\/#website\",\"url\":\"https:\\\/\\\/usisaat.gl\\\/\",\"name\":\"Usisaat\",\"description\":\"Vi laver komplette l\u00f8sninger indenfor flytning, spedition (s\u00f8fragt og luftfragt) og logistik. Vi har opmagasinering\\\/lagerhotel.\",\"potentialAction\":[{\"@type\":\"SearchAction\",\"target\":{\"@type\":\"EntryPoint\",\"urlTemplate\":\"https:\\\/\\\/usisaat.gl\\\/?s={search_term_string}\"},\"query-input\":{\"@type\":\"PropertyValueSpecification\",\"valueRequired\":true,\"valueName\":\"search_term_string\"}}],\"inLanguage\":\"da-DK\"}]}<\/script>\n<!-- \/ Yoast SEO plugin. -->","yoast_head_json":{"title":"Flytteservice - Usisaat","robots":{"index":"index","follow":"follow","max-snippet":"max-snippet:-1","max-image-preview":"max-image-preview:large","max-video-preview":"max-video-preview:-1"},"canonical":"https:\/\/usisaat.gl\/flytteservice-old\/","og_locale":"da_DK","og_type":"article","og_title":"Flytteservice - Usisaat","og_description":"[vc_row css_animation=&#8221;&#8221; row_type=&#8221;row&#8221; use_row_as_full_screen_section=&#8221;no&#8221; type=&#8221;full_width&#8221; angled_section=&#8221;no&#8221; text_align=&#8221;left&#8221; background_image_as_pattern=&#8221;without_pattern&#8221;][vc_column][\/vc_column][\/vc_row][vc_row css_animation=&#8221;&#8221; row_type=&#8221;row&#8221; use_row_as_full_screen_section=&#8221;no&#8221; type=&#8221;grid&#8221; angled_section=&#8221;no&#8221; text_align=&#8221;left&#8221; background_image_as_pattern=&#8221;without_pattern&#8221; el_class=&#8221;padding90 space-between&#8221; z_index=&#8221;&#8221;][vc_column width=&#8221;1\/2&#8243;][vc_column_text el_class=&#8221;with-space opdeler&#8221;] Om Usisaat Flytteservice Hos Usisaat tilbyder vi flytteservice. Det...","og_url":"https:\/\/usisaat.gl\/flytteservice-old\/","og_site_name":"Usisaat","article_modified_time":"2019-11-07T07:08:10+00:00","twitter_card":"summary_large_image","twitter_misc":{"Estimeret l\u00e6setid":"2 minutter"},"schema":{"@context":"https:\/\/schema.org","@graph":[{"@type":"WebPage","@id":"https:\/\/usisaat.gl\/flytteservice-old\/","url":"https:\/\/usisaat.gl\/flytteservice-old\/","name":"Flytteservice - Usisaat","isPartOf":{"@id":"https:\/\/usisaat.gl\/#website"},"datePublished":"2019-11-06T20:00:52+00:00","dateModified":"2019-11-07T07:08:10+00:00","breadcrumb":{"@id":"https:\/\/usisaat.gl\/flytteservice-old\/#breadcrumb"},"inLanguage":"da-DK","potentialAction":[{"@type":"ReadAction","target":["https:\/\/usisaat.gl\/flytteservice-old\/"]}]},{"@type":"BreadcrumbList","@id":"https:\/\/usisaat.gl\/flytteservice-old\/#breadcrumb","itemListElement":[{"@type":"ListItem","position":1,"name":"Hjem","item":"https:\/\/usisaat.gl\/da\/"},{"@type":"ListItem","position":2,"name":"Flytteservice"}]},{"@type":"WebSite","@id":"https:\/\/usisaat.gl\/#website","url":"https:\/\/usisaat.gl\/","name":"Usisaat","description":"Vi laver komplette l\u00f8sninger indenfor flytning, spedition (s\u00f8fragt og luftfragt) og logistik. Vi har opmagasinering\/lagerhotel.","potentialAction":[{"@type":"SearchAction","target":{"@type":"EntryPoint","urlTemplate":"https:\/\/usisaat.gl\/?s={search_term_string}"},"query-input":{"@type":"PropertyValueSpecification","valueRequired":true,"valueName":"search_term_string"}}],"inLanguage":"da-DK"}]}},"_links":{"self":[{"href":"https:\/\/usisaat.gl\/da\/wp-json\/wp\/v2\/pages\/1367","targetHints":{"allow":["GET"]}}],"collection":[{"href":"https:\/\/usisaat.gl\/da\/wp-json\/wp\/v2\/pages"}],"about":[{"href":"https:\/\/usisaat.gl\/da\/wp-json\/wp\/v2\/types\/page"}],"author":[{"embeddable":true,"href":"https:\/\/usisaat.gl\/da\/wp-json\/wp\/v2\/users\/2"}],"replies":[{"embeddable":true,"href":"https:\/\/usisaat.gl\/da\/wp-json\/wp\/v2\/comments?post=1367"}],"version-history":[{"count":1,"href":"https:\/\/usisaat.gl\/da\/wp-json\/wp\/v2\/pages\/1367\/revisions"}],"predecessor-version":[{"id":1370,"href":"https:\/\/usisaat.gl\/da\/wp-json\/wp\/v2\/pages\/1367\/revisions\/1370"}],"wp:attachment":[{"href":"https:\/\/usisaat.gl\/da\/wp-json\/wp\/v2\/media?parent=1367"}],"curies":[{"name":"wp","href":"https:\/\/api.w.org\/{rel}","templated":true}]}}